{"id":134,"date":"2023-09-01T09:00:26","date_gmt":"2023-09-01T09:00:26","guid":{"rendered":"https:\/\/istoproject.eu\/?page_id=134"},"modified":"2023-09-01T09:10:05","modified_gmt":"2023-09-01T09:10:05","slug":"the-game","status":"publish","type":"page","link":"https:\/\/istoproject.eu\/es\/the-game\/","title":{"rendered":"El juego"},"content":{"rendered":"<div data-elementor-type=\"wp-page\" data-elementor-id=\"134\" class=\"elementor elementor-134\">\n\t\t\t\t\t\t\t\t\t<section class=\"elementor-section elementor-top-section elementor-element elementor-element-cc5dae8 elementor-section-boxed elementor-section-height-default elementor-section-height-default\" data-id=\"cc5dae8\" data-element_type=\"section\">\n\t\t\t\t\t\t<div class=\"elementor-container elementor-column-gap-default\">\n\t\t\t\t\t<div class=\"elementor-column elementor-col-100 elementor-top-column elementor-element elementor-element-10f18fa\" data-id=\"10f18fa\" data-element_type=\"column\">\n\t\t\t<div class=\"elementor-widget-wrap elementor-element-populated\">\n\t\t\t\t\t\t\t\t<div class=\"elementor-element elementor-element-0651383 elementor-widget__width-initial elementor-widget elementor-widget-image\" data-id=\"0651383\" data-element_type=\"widget\" data-widget_type=\"image.default\">\n\t\t\t\t<div class=\"elementor-widget-container\">\n\t\t\t<style>\/*! elementor - v3.15.0 - 20-08-2023 *\/\n.elementor-widget-image{text-align:center}.elementor-widget-image a{display:inline-block}.elementor-widget-image a img[src$=\".svg\"]{width:48px}.elementor-widget-image img{vertical-align:middle;display:inline-block}<\/style>\t\t\t\t\t\t\t\t\t\t\t\t<img decoding=\"async\" loading=\"lazy\" width=\"285\" height=\"300\" src=\"https:\/\/istoproject.eu\/wp-content\/uploads\/2023\/09\/Icona-Gioco-285x300.png\" class=\"attachment-medium size-medium wp-image-30\" alt=\"\" srcset=\"https:\/\/istoproject.eu\/wp-content\/uploads\/2023\/09\/Icona-Gioco-285x300.png 285w, https:\/\/istoproject.eu\/wp-content\/uploads\/2023\/09\/Icona-Gioco.png 425w\" sizes=\"(max-width: 285px) 100vw, 285px\" \/>\t\t\t\t\t\t\t\t\t\t\t\t\t\t\t<\/div>\n\t\t\t\t<\/div>\n\t\t\t\t\t<\/div>\n\t\t<\/div>\n\t\t\t\t\t\t\t<\/div>\n\t\t<\/section>\n\t\t\t\t<section class=\"elementor-section elementor-top-section elementor-element elementor-element-6fc0751 elementor-section-boxed elementor-section-height-default elementor-section-height-default\" data-id=\"6fc0751\" data-element_type=\"section\">\n\t\t\t\t\t\t<div class=\"elementor-container elementor-column-gap-default\">\n\t\t\t\t\t<div class=\"elementor-column elementor-col-100 elementor-top-column elementor-element elementor-element-d270fc1\" data-id=\"d270fc1\" data-element_type=\"column\">\n\t\t\t<div class=\"elementor-widget-wrap elementor-element-populated\">\n\t\t\t\t\t\t\t\t<div class=\"elementor-element elementor-element-9d06c8a elementor-widget elementor-widget-spacer\" data-id=\"9d06c8a\" data-element_type=\"widget\" data-widget_type=\"spacer.default\">\n\t\t\t\t<div class=\"elementor-widget-container\">\n\t\t\t<style>\/*! elementor - v3.15.0 - 20-08-2023 *\/\n.elementor-column .elementor-spacer-inner{height:var(--spacer-size)}.e-con{--container-widget-width:100%}.e-con-inner>.elementor-widget-spacer,.e-con>.elementor-widget-spacer{width:var(--container-widget-width,var(--spacer-size));--align-self:var(--container-widget-align-self,initial);--flex-shrink:0}.e-con-inner>.elementor-widget-spacer>.elementor-widget-container,.e-con-inner>.elementor-widget-spacer>.elementor-widget-container>.elementor-spacer,.e-con>.elementor-widget-spacer>.elementor-widget-container,.e-con>.elementor-widget-spacer>.elementor-widget-container>.elementor-spacer{height:100%}.e-con-inner>.elementor-widget-spacer>.elementor-widget-container>.elementor-spacer>.elementor-spacer-inner,.e-con>.elementor-widget-spacer>.elementor-widget-container>.elementor-spacer>.elementor-spacer-inner{height:var(--container-widget-height,var(--spacer-size))}<\/style>\t\t<div class=\"elementor-spacer\">\n\t\t\t<div class=\"elementor-spacer-inner\"><\/div>\n\t\t<\/div>\n\t\t\t\t<\/div>\n\t\t\t\t<\/div>\n\t\t\t\t\t<\/div>\n\t\t<\/div>\n\t\t\t\t\t\t\t<\/div>\n\t\t<\/section>\n\t\t\t\t<section class=\"elementor-section elementor-top-section elementor-element elementor-element-ce033f7 elementor-section-boxed elementor-section-height-default elementor-section-height-default\" data-id=\"ce033f7\" data-element_type=\"section\">\n\t\t\t\t\t\t<div class=\"elementor-container elementor-column-gap-default\">\n\t\t\t\t\t<div class=\"elementor-column elementor-col-50 elementor-top-column elementor-element elementor-element-13258d5\" data-id=\"13258d5\" data-element_type=\"column\">\n\t\t\t<div class=\"elementor-widget-wrap elementor-element-populated\">\n\t\t\t\t\t\t\t\t<div class=\"elementor-element elementor-element-7cac07b elementor-widget__width-initial elementor-widget elementor-widget-image\" data-id=\"7cac07b\" data-element_type=\"widget\" data-widget_type=\"image.default\">\n\t\t\t\t<div class=\"elementor-widget-container\">\n\t\t\t\t\t\t\t\t\t\t\t\t\t\t\t<img decoding=\"async\" loading=\"lazy\" width=\"575\" height=\"1024\" src=\"https:\/\/istoproject.eu\/wp-content\/uploads\/2023\/09\/ecotourism-575x1024.png\" class=\"attachment-large size-large wp-image-136\" alt=\"\" srcset=\"https:\/\/istoproject.eu\/wp-content\/uploads\/2023\/09\/ecotourism-575x1024.png 575w, https:\/\/istoproject.eu\/wp-content\/uploads\/2023\/09\/ecotourism-169x300.png 169w, https:\/\/istoproject.eu\/wp-content\/uploads\/2023\/09\/ecotourism.png 742w\" sizes=\"(max-width: 575px) 100vw, 575px\" \/>\t\t\t\t\t\t\t\t\t\t\t\t\t\t\t<\/div>\n\t\t\t\t<\/div>\n\t\t\t\t\t<\/div>\n\t\t<\/div>\n\t\t\t\t<div class=\"elementor-column elementor-col-50 elementor-top-column elementor-element elementor-element-746154c\" data-id=\"746154c\" data-element_type=\"column\">\n\t\t\t<div class=\"elementor-widget-wrap elementor-element-populated\">\n\t\t\t\t\t\t\t\t<div class=\"elementor-element elementor-element-773b4fb elementor-widget elementor-widget-heading\" data-id=\"773b4fb\" data-element_type=\"widget\" data-widget_type=\"heading.default\">\n\t\t\t\t<div class=\"elementor-widget-container\">\n\t\t\t<style>\/*! elementor - v3.15.0 - 20-08-2023 *\/\n.elementor-heading-title{padding:0;margin:0;line-height:1}.elementor-widget-heading .elementor-heading-title[class*=elementor-size-]>a{color:inherit;font-size:inherit;line-height:inherit}.elementor-widget-heading .elementor-heading-title.elementor-size-small{font-size:15px}.elementor-widget-heading .elementor-heading-title.elementor-size-medium{font-size:19px}.elementor-widget-heading .elementor-heading-title.elementor-size-large{font-size:29px}.elementor-widget-heading .elementor-heading-title.elementor-size-xl{font-size:39px}.elementor-widget-heading .elementor-heading-title.elementor-size-xxl{font-size:59px}<\/style><h2 class=\"elementor-heading-title elementor-size-large\"><br>\u00bfDe qu\u00e9 se trata?<\/h2>\t\t<\/div>\n\t\t\t\t<\/div>\n\t\t\t\t<div class=\"elementor-element elementor-element-dc221fe elementor-widget elementor-widget-text-editor\" data-id=\"dc221fe\" data-element_type=\"widget\" data-widget_type=\"text-editor.default\">\n\t\t\t\t<div class=\"elementor-widget-container\">\n\t\t\t<style>\/*! elementor - v3.15.0 - 20-08-2023 *\/\n.elementor-widget-text-editor.elementor-drop-cap-view-stacked .elementor-drop-cap{background-color:#69727d;color:#fff}.elementor-widget-text-editor.elementor-drop-cap-view-framed .elementor-drop-cap{color:#69727d;border:3px solid;background-color:transparent}.elementor-widget-text-editor:not(.elementor-drop-cap-view-default) .elementor-drop-cap{margin-top:8px}.elementor-widget-text-editor:not(.elementor-drop-cap-view-default) .elementor-drop-cap-letter{width:1em;height:1em}.elementor-widget-text-editor .elementor-drop-cap{float:left;text-align:center;line-height:1;font-size:50px}.elementor-widget-text-editor .elementor-drop-cap-letter{display:inline-block}<\/style>\t\t\t\t<p><span data-sheets-value=\"{&quot;1&quot;:2,&quot;2&quot;:&quot;A serious management game based on the simulation to manage an hotel in which problematic dilemmas in terms of hospitality, management, inclusion and sustainability are proposed. The students, through the exposition to several decision making tasks is encouraged in adopting sustainable and inclusive behavior. The creation of this project result will be based on the realistic simulation based on scientific and on field research.&quot;}\" data-sheets-userformat=\"{&quot;2&quot;:961,&quot;3&quot;:{&quot;1&quot;:0},&quot;9&quot;:0,&quot;10&quot;:1,&quot;11&quot;:4,&quot;12&quot;:0}\">Se trata de un juego de gesti\u00f3n serio basado en la simulaci\u00f3n de la gesti\u00f3n de un hotel, con complejos rompecabezas sobre hospitalidad, gesti\u00f3n, inclusi\u00f3n y sostenibilidad. <\/span><\/p><p><span data-sheets-value=\"{&quot;1&quot;:2,&quot;2&quot;:&quot;A serious management game based on the simulation to manage an hotel in which problematic dilemmas in terms of hospitality, management, inclusion and sustainability are proposed. The students, through the exposition to several decision making tasks is encouraged in adopting sustainable and inclusive behavior. The creation of this project result will be based on the realistic simulation based on scientific and on field research.&quot;}\" data-sheets-userformat=\"{&quot;2&quot;:961,&quot;3&quot;:{&quot;1&quot;:0},&quot;9&quot;:0,&quot;10&quot;:1,&quot;11&quot;:4,&quot;12&quot;:0}\">Al enfrentarse a diversas situaciones que les obligan a tomar decisiones, se anima a los alumnos a adoptar un comportamiento sostenible e integrador. El juego se ha creado utilizando una simulaci\u00f3n realista basada en investigaciones cient\u00edficas y de campo.<\/span><\/p><p><span data-sheets-value=\"{&quot;1&quot;:2,&quot;2&quot;:&quot;A serious management game based on the simulation to manage an hotel in which problematic dilemmas in terms of hospitality, management, inclusion and sustainability are proposed. The students, through the exposition to several decision making tasks is encouraged in adopting sustainable and inclusive behavior. The creation of this project result will be based on the realistic simulation based on scientific and on field research.&quot;}\" data-sheets-userformat=\"{&quot;2&quot;:961,&quot;3&quot;:{&quot;1&quot;:0},&quot;9&quot;:0,&quot;10&quot;:1,&quot;11&quot;:4,&quot;12&quot;:0}\">\u00a0<\/span><\/p>\t\t\t\t\t\t<\/div>\n\t\t\t\t<\/div>\n\t\t\t\t<div class=\"elementor-element elementor-element-8263afe elementor-widget elementor-widget-heading\" data-id=\"8263afe\" data-element_type=\"widget\" data-widget_type=\"heading.default\">\n\t\t\t\t<div class=\"elementor-widget-container\">\n\t\t\t<h2 class=\"elementor-heading-title elementor-size-large\">Las ventajas<\/h2>\t\t<\/div>\n\t\t\t\t<\/div>\n\t\t\t\t<div class=\"elementor-element elementor-element-a0f9e64 elementor-widget__width-initial elementor-widget elementor-widget-text-editor\" data-id=\"a0f9e64\" data-element_type=\"widget\" data-widget_type=\"text-editor.default\">\n\t\t\t\t<div class=\"elementor-widget-container\">\n\t\t\t\t\t\t\t<p><span data-sheets-value=\"{&quot;1&quot;:2,&quot;2&quot;:&quot;The use of a serious game based on realistic scenarios to be solved in the HoReCa industries is a new methodology based on learning by doing. To learn in a simulated scenario will allow student to experiment several behavioral options in a simulated content without the risks of professional context. Moreover, the serious game formula have the advantage to increase the students engagement. &quot;}\" data-sheets-userformat=\"{&quot;2&quot;:961,&quot;3&quot;:{&quot;1&quot;:0},&quot;9&quot;:0,&quot;10&quot;:1,&quot;11&quot;:4,&quot;12&quot;:0}\">El uso de un juego serio basado en escenarios realistas a resolver en las industrias HoReCa es una nueva metodolog\u00eda basada en aprender haciendo.\u00a0<\/span><\/p><p><span data-sheets-value=\"{&quot;1&quot;:2,&quot;2&quot;:&quot;The use of a serious game based on realistic scenarios to be solved in the HoReCa industries is a new methodology based on learning by doing. To learn in a simulated scenario will allow student to experiment several behavioral options in a simulated content without the risks of professional context. Moreover, the serious game formula have the advantage to increase the students engagement. &quot;}\" data-sheets-userformat=\"{&quot;2&quot;:961,&quot;3&quot;:{&quot;1&quot;:0},&quot;9&quot;:0,&quot;10&quot;:1,&quot;11&quot;:4,&quot;12&quot;:0}\">Aprender en un escenario simulado permitir\u00e1 al estudiante experimentar varias opciones de comportamiento en un contenido simulado sin los riesgos del contexto profesional. Adem\u00e1s, la f\u00f3rmula del juego serio tiene la ventaja de aumentar el compromiso de los estudiantes. <\/span><\/p><p><span data-sheets-value=\"{&quot;1&quot;:2,&quot;2&quot;:&quot;The use of a serious game based on realistic scenarios to be solved in the HoReCa industries is a new methodology based on learning by doing. To learn in a simulated scenario will allow student to experiment several behavioral options in a simulated content without the risks of professional context. Moreover, the serious game formula have the advantage to increase the students engagement. &quot;}\" data-sheets-userformat=\"{&quot;2&quot;:961,&quot;3&quot;:{&quot;1&quot;:0},&quot;9&quot;:0,&quot;10&quot;:1,&quot;11&quot;:4,&quot;12&quot;:0}\">\u00a0<\/span><\/p>\t\t\t\t\t\t<\/div>\n\t\t\t\t<\/div>\n\t\t\t\t\t<\/div>\n\t\t<\/div>\n\t\t\t\t\t\t\t<\/div>\n\t\t<\/section>\n\t\t\t\t<section class=\"elementor-section elementor-top-section elementor-element elementor-element-2e46239 elementor-section-boxed elementor-section-height-default elementor-section-height-default\" data-id=\"2e46239\" data-element_type=\"section\">\n\t\t\t\t\t\t<div class=\"elementor-container elementor-column-gap-default\">\n\t\t\t\t\t<div class=\"elementor-column elementor-col-100 elementor-top-column elementor-element elementor-element-b504aa8\" data-id=\"b504aa8\" data-element_type=\"column\">\n\t\t\t<div class=\"elementor-widget-wrap elementor-element-populated\">\n\t\t\t\t\t\t\t\t<div class=\"elementor-element elementor-element-9458dda elementor-widget elementor-widget-spacer\" data-id=\"9458dda\" data-element_type=\"widget\" data-widget_type=\"spacer.default\">\n\t\t\t\t<div class=\"elementor-widget-container\">\n\t\t\t\t\t<div class=\"elementor-spacer\">\n\t\t\t<div class=\"elementor-spacer-inner\"><\/div>\n\t\t<\/div>\n\t\t\t\t<\/div>\n\t\t\t\t<\/div>\n\t\t\t\t\t<\/div>\n\t\t<\/div>\n\t\t\t\t\t\t\t<\/div>\n\t\t<\/section>\n\t\t\t\t<section class=\"elementor-section elementor-top-section elementor-element elementor-element-88423f6 elementor-section-boxed elementor-section-height-default elementor-section-height-default\" data-id=\"88423f6\" data-element_type=\"section\">\n\t\t\t\t\t\t<div class=\"elementor-container elementor-column-gap-default\">\n\t\t\t\t\t<div class=\"elementor-column elementor-col-100 elementor-top-column elementor-element elementor-element-6a9ee32\" data-id=\"6a9ee32\" data-element_type=\"column\">\n\t\t\t<div class=\"elementor-widget-wrap elementor-element-populated\">\n\t\t\t\t\t\t\t\t<div class=\"elementor-element elementor-element-b68b312 elementor-widget elementor-widget-spacer\" data-id=\"b68b312\" data-element_type=\"widget\" data-widget_type=\"spacer.default\">\n\t\t\t\t<div class=\"elementor-widget-container\">\n\t\t\t\t\t<div class=\"elementor-spacer\">\n\t\t\t<div class=\"elementor-spacer-inner\"><\/div>\n\t\t<\/div>\n\t\t\t\t<\/div>\n\t\t\t\t<\/div>\n\t\t\t\t\t<\/div>\n\t\t<\/div>\n\t\t\t\t\t\t\t<\/div>\n\t\t<\/section>\n\t\t\t\t<section class=\"elementor-section elementor-top-section elementor-element elementor-element-262a280 elementor-section-boxed elementor-section-height-default elementor-section-height-default\" data-id=\"262a280\" data-element_type=\"section\">\n\t\t\t\t\t\t<div class=\"elementor-container elementor-column-gap-default\">\n\t\t\t\t\t<div class=\"elementor-column elementor-col-50 elementor-top-column elementor-element elementor-element-d3684d8\" data-id=\"d3684d8\" data-element_type=\"column\">\n\t\t\t<div class=\"elementor-widget-wrap elementor-element-populated\">\n\t\t\t\t\t\t\t\t<div class=\"elementor-element elementor-element-a74332a elementor-button-info elementor-align-center elementor-widget__width-initial elementor-widget elementor-widget-button\" data-id=\"a74332a\" data-element_type=\"widget\" data-widget_type=\"button.default\">\n\t\t\t\t<div class=\"elementor-widget-container\">\n\t\t\t\t\t<div class=\"elementor-button-wrapper\">\n\t\t\t<a class=\"elementor-button elementor-button-link elementor-size-md\" href=\"https:\/\/play.google.com\/store\/apps\/details?id=com.WhiteManager.EcotourismGame\">\n\t\t\t\t\t\t<span class=\"elementor-button-content-wrapper\">\n\t\t\t\t\t\t<span class=\"elementor-button-icon elementor-align-icon-left\">\n\t\t\t\t<i aria-hidden=\"true\" class=\"fas fa-download\"><\/i>\t\t\t<\/span>\n\t\t\t\t\t\t<span class=\"elementor-button-text\">Descargar la aplicaci\u00f3n para Android<\/span>\n\t\t<\/span>\n\t\t\t\t\t<\/a>\n\t\t<\/div>\n\t\t\t\t<\/div>\n\t\t\t\t<\/div>\n\t\t\t\t\t<\/div>\n\t\t<\/div>\n\t\t\t\t<div class=\"elementor-column elementor-col-50 elementor-top-column elementor-element elementor-element-8f1e79f\" data-id=\"8f1e79f\" data-element_type=\"column\">\n\t\t\t<div class=\"elementor-widget-wrap elementor-element-populated\">\n\t\t\t\t\t\t\t\t<div class=\"elementor-element elementor-element-502396f elementor-button-info elementor-align-center elementor-widget elementor-widget-button\" data-id=\"502396f\" data-element_type=\"widget\" data-widget_type=\"button.default\">\n\t\t\t\t<div class=\"elementor-widget-container\">\n\t\t\t\t\t<div class=\"elementor-button-wrapper\">\n\t\t\t<a class=\"elementor-button elementor-button-link elementor-size-md\" href=\"https:\/\/apps.apple.com\/it\/app\/ecotourism-game\/id6446352060?l=en\">\n\t\t\t\t\t\t<span class=\"elementor-button-content-wrapper\">\n\t\t\t\t\t\t<span class=\"elementor-button-icon elementor-align-icon-left\">\n\t\t\t\t<i aria-hidden=\"true\" class=\"fas fa-download\"><\/i>\t\t\t<\/span>\n\t\t\t\t\t\t<span class=\"elementor-button-text\">Descargar la aplicaci\u00f3n para iOS<\/span>\n\t\t<\/span>\n\t\t\t\t\t<\/a>\n\t\t<\/div>\n\t\t\t\t<\/div>\n\t\t\t\t<\/div>\n\t\t\t\t\t<\/div>\n\t\t<\/div>\n\t\t\t\t\t\t\t<\/div>\n\t\t<\/section>\n\t\t\t\t\t\t\t<\/div>","protected":false},"excerpt":{"rendered":"<p>What is it about? A serious management game based on the simulation to manage an hotel in which problematic dilemmas in terms of hospitality, management, inclusion and sustainability are proposed. The students, through the exposition to several decision making tasks is encouraged [&hellip;]<\/p>","protected":false},"author":1,"featured_media":0,"parent":0,"menu_order":0,"comment_status":"closed","ping_status":"closed","template":"","meta":{"footnotes":""},"_links":{"self":[{"href":"https:\/\/istoproject.eu\/es\/wp-json\/wp\/v2\/pages\/134"}],"collection":[{"href":"https:\/\/istoproject.eu\/es\/wp-json\/wp\/v2\/pages"}],"about":[{"href":"https:\/\/istoproject.eu\/es\/wp-json\/wp\/v2\/types\/page"}],"author":[{"embeddable":true,"href":"https:\/\/istoproject.eu\/es\/wp-json\/wp\/v2\/users\/1"}],"replies":[{"embeddable":true,"href":"https:\/\/istoproject.eu\/es\/wp-json\/wp\/v2\/comments?post=134"}],"version-history":[{"count":31,"href":"https:\/\/istoproject.eu\/es\/wp-json\/wp\/v2\/pages\/134\/revisions"}],"predecessor-version":[{"id":168,"href":"https:\/\/istoproject.eu\/es\/wp-json\/wp\/v2\/pages\/134\/revisions\/168"}],"wp:attachment":[{"href":"https:\/\/istoproject.eu\/es\/wp-json\/wp\/v2\/media?parent=134"}],"curies":[{"name":"wp","href":"https:\/\/api.w.org\/{rel}","templated":true}]}}