{"id":279,"date":"2023-09-01T10:38:50","date_gmt":"2023-09-01T10:38:50","guid":{"rendered":"https:\/\/istoproject.eu\/?page_id=279"},"modified":"2023-09-01T10:40:51","modified_gmt":"2023-09-01T10:40:51","slug":"rivesco-consulting-ltd","status":"publish","type":"page","link":"https:\/\/istoproject.eu\/es\/rivesco-consulting-ltd\/","title":{"rendered":"Rivesco Consulting Ltd"},"content":{"rendered":"<div data-elementor-type=\"wp-page\" data-elementor-id=\"279\" class=\"elementor elementor-279\">\n\t\t\t\t\t\t\t\t\t<section class=\"elementor-section elementor-top-section elementor-element elementor-element-52b8dd4 elementor-section-boxed elementor-section-height-default elementor-section-height-default\" data-id=\"52b8dd4\" data-element_type=\"section\">\n\t\t\t\t\t\t<div class=\"elementor-container elementor-column-gap-default\">\n\t\t\t\t\t<div class=\"elementor-column elementor-col-100 elementor-top-column elementor-element elementor-element-367766d\" data-id=\"367766d\" data-element_type=\"column\">\n\t\t\t<div class=\"elementor-widget-wrap elementor-element-populated\">\n\t\t\t\t\t\t\t\t<div class=\"elementor-element elementor-element-7aac408 elementor-widget__width-initial elementor-widget elementor-widget-image\" data-id=\"7aac408\" data-element_type=\"widget\" data-widget_type=\"image.default\">\n\t\t\t\t<div class=\"elementor-widget-container\">\n\t\t\t<style>\/*! elementor - v3.15.0 - 20-08-2023 *\/\n.elementor-widget-image{text-align:center}.elementor-widget-image a{display:inline-block}.elementor-widget-image a img[src$=\".svg\"]{width:48px}.elementor-widget-image img{vertical-align:middle;display:inline-block}<\/style>\t\t\t\t\t\t\t\t\t\t\t\t<img decoding=\"async\" loading=\"lazy\" width=\"227\" height=\"212\" src=\"https:\/\/istoproject.eu\/wp-content\/uploads\/2023\/09\/Rivensco-Logo.jpg\" class=\"attachment-medium_large size-medium_large wp-image-215\" alt=\"\" \/>\t\t\t\t\t\t\t\t\t\t\t\t\t\t\t<\/div>\n\t\t\t\t<\/div>\n\t\t\t\t\t<\/div>\n\t\t<\/div>\n\t\t\t\t\t\t\t<\/div>\n\t\t<\/section>\n\t\t\t\t<section class=\"elementor-section elementor-top-section elementor-element elementor-element-c3e2620 elementor-section-boxed elementor-section-height-default elementor-section-height-default\" data-id=\"c3e2620\" data-element_type=\"section\">\n\t\t\t\t\t\t<div class=\"elementor-container elementor-column-gap-default\">\n\t\t\t\t\t<div class=\"elementor-column elementor-col-100 elementor-top-column elementor-element elementor-element-f87e1c8\" data-id=\"f87e1c8\" data-element_type=\"column\">\n\t\t\t<div class=\"elementor-widget-wrap elementor-element-populated\">\n\t\t\t\t\t\t\t\t<div class=\"elementor-element elementor-element-d6f4523 elementor-widget elementor-widget-spacer\" data-id=\"d6f4523\" data-element_type=\"widget\" data-widget_type=\"spacer.default\">\n\t\t\t\t<div class=\"elementor-widget-container\">\n\t\t\t<style>\/*! elementor - v3.15.0 - 20-08-2023 *\/\n.elementor-column .elementor-spacer-inner{height:var(--spacer-size)}.e-con{--container-widget-width:100%}.e-con-inner>.elementor-widget-spacer,.e-con>.elementor-widget-spacer{width:var(--container-widget-width,var(--spacer-size));--align-self:var(--container-widget-align-self,initial);--flex-shrink:0}.e-con-inner>.elementor-widget-spacer>.elementor-widget-container,.e-con-inner>.elementor-widget-spacer>.elementor-widget-container>.elementor-spacer,.e-con>.elementor-widget-spacer>.elementor-widget-container,.e-con>.elementor-widget-spacer>.elementor-widget-container>.elementor-spacer{height:100%}.e-con-inner>.elementor-widget-spacer>.elementor-widget-container>.elementor-spacer>.elementor-spacer-inner,.e-con>.elementor-widget-spacer>.elementor-widget-container>.elementor-spacer>.elementor-spacer-inner{height:var(--container-widget-height,var(--spacer-size))}<\/style>\t\t<div class=\"elementor-spacer\">\n\t\t\t<div class=\"elementor-spacer-inner\"><\/div>\n\t\t<\/div>\n\t\t\t\t<\/div>\n\t\t\t\t<\/div>\n\t\t\t\t\t<\/div>\n\t\t<\/div>\n\t\t\t\t\t\t\t<\/div>\n\t\t<\/section>\n\t\t\t\t<section class=\"elementor-section elementor-top-section elementor-element elementor-element-b05cb99 elementor-section-boxed elementor-section-height-default elementor-section-height-default\" data-id=\"b05cb99\" data-element_type=\"section\">\n\t\t\t\t\t\t<div class=\"elementor-container elementor-column-gap-default\">\n\t\t\t\t\t<div class=\"elementor-column elementor-col-100 elementor-top-column elementor-element elementor-element-aab25d9\" data-id=\"aab25d9\" data-element_type=\"column\">\n\t\t\t<div class=\"elementor-widget-wrap elementor-element-populated\">\n\t\t\t\t\t\t\t\t<div class=\"elementor-element elementor-element-f6e67b5 elementor-widget elementor-widget-text-editor\" data-id=\"f6e67b5\" data-element_type=\"widget\" data-widget_type=\"text-editor.default\">\n\t\t\t\t<div class=\"elementor-widget-container\">\n\t\t\t<style>\/*! elementor - v3.15.0 - 20-08-2023 *\/\n.elementor-widget-text-editor.elementor-drop-cap-view-stacked .elementor-drop-cap{background-color:#69727d;color:#fff}.elementor-widget-text-editor.elementor-drop-cap-view-framed .elementor-drop-cap{color:#69727d;border:3px solid;background-color:transparent}.elementor-widget-text-editor:not(.elementor-drop-cap-view-default) .elementor-drop-cap{margin-top:8px}.elementor-widget-text-editor:not(.elementor-drop-cap-view-default) .elementor-drop-cap-letter{width:1em;height:1em}.elementor-widget-text-editor .elementor-drop-cap{float:left;text-align:center;line-height:1;font-size:50px}.elementor-widget-text-editor .elementor-drop-cap-letter{display:inline-block}<\/style>\t\t\t\t<p class=\" translation-block\">Rivensco Consulting Ltd es una empresa innovadora que pretende consolidarse como un importante nexo entre el mundo acad\u00e9mico y empresarial. Rivensco tiene oficinas en las principales ciudades de Chipre y brinda capacitaci\u00f3n en diferentes \u00e1reas tem\u00e1ticas, como negocios, empresas sociales, tecnolog\u00eda de la informaci\u00f3n y hospitalidad. Con nuestra experiencia en proyectos de la UE, apoyamos a las empresas locales para que participen en proyectos de financiaci\u00f3n europeos y nacionales, incluida la C\u00e1mara de Comercio local, colegios, universidades, ministerios, municipios y otras partes interesadas locales. La efectividad de nuestras operaciones requiere la cooperaci\u00f3n con varias peque\u00f1as empresas y partes interesadas locales, incluidos los medios locales. Prestamos especial atenci\u00f3n al papel fundamental de las nuevas tecnolog\u00edas y la ventaja competitiva que ofrecen. Nuestras operaciones diarias con varias empresas hacen que nuestra empresa sea ideal para la colocaci\u00f3n laboral, ya que se encuentra en una posici\u00f3n privilegiada para brindar experiencia real en diferentes campos.<\/p><p><span data-sheets-value=\"{&quot;1&quot;:2,&quot;2&quot;:&quot;Rivensco Consulting Ltd is an innovating company that aims to establish itself as a major link between the academic and business world.\\r\\nRivensco maintains offices in all major cities in Cyprus and it provides\\r\\ntraining in different subject areas such as business, social enterprises,\\r\\ninformation technology and hospitality. With our experience in EU\\r\\nprojects, we support local businesses to participate in European and\\r\\nnational funding projects, including the local Chamber of Commerce, local\\r\\nColleges, Universities, Ministries, Municipalities and other stakeholders.\\r\\nThe effectiveness of our operations requires the cooperation with several\\r\\nsmall businesses and local stakeholders, including local media. We pay\\r\\nparticular attention to the pivotal role of new technologies and the\\r\\ncompetitive advantage they offer. Our daily operations with several\\r\\nenterprises make our company ideal for working placement, since it is in\\r\\na privileged position to provide real experience in different fields. The\\r\\nhighly specialized professional staff includes psychologists,\\r\\nteachers\/trainers and bussiness consultants who can provide training in\\r\\ndifferent fields. In 2014, Rivensco joined forces with a particular\\r\\nVocational and Technological Training Center, in order to improve its\\r\\ntraining capacity, expand its network, and provide more courses. Rivensco\\r\\nConsulting offers specialized courses for interview preparation, CV\\r\\npreparing, while it accustoms its trainees with personality tests and\\r\\ndifferent national tests. This has enabled Rivensco to focus on the training\\r\\nof young Entrpreneurs.&quot;}\" data-sheets-userformat=\"{&quot;2&quot;:961,&quot;3&quot;:{&quot;1&quot;:0},&quot;9&quot;:0,&quot;10&quot;:1,&quot;11&quot;:4,&quot;12&quot;:0}\">El personal profesional altamente especializado incluye psic\u00f3logos, profesores\/formadores y consultores de negocios que pueden brindar capacitaci\u00f3n en diferentes campos. En 2014, Rivensco se uni\u00f3 a un Centro de Formaci\u00f3n Profesional y Tecnol\u00f3gica en particular, con el fin de mejorar su capacidad de formaci\u00f3n, ampliar su red y ofrecer m\u00e1s cursos.<\/span><\/p><p><span data-sheets-value=\"{&quot;1&quot;:2,&quot;2&quot;:&quot;Rivensco Consulting Ltd is an innovating company that aims to establish itself as a major link between the academic and business world.\\r\\nRivensco maintains offices in all major cities in Cyprus and it provides\\r\\ntraining in different subject areas such as business, social enterprises,\\r\\ninformation technology and hospitality. With our experience in EU\\r\\nprojects, we support local businesses to participate in European and\\r\\nnational funding projects, including the local Chamber of Commerce, local\\r\\nColleges, Universities, Ministries, Municipalities and other stakeholders.\\r\\nThe effectiveness of our operations requires the cooperation with several\\r\\nsmall businesses and local stakeholders, including local media. We pay\\r\\nparticular attention to the pivotal role of new technologies and the\\r\\ncompetitive advantage they offer. Our daily operations with several\\r\\nenterprises make our company ideal for working placement, since it is in\\r\\na privileged position to provide real experience in different fields. The\\r\\nhighly specialized professional staff includes psychologists,\\r\\nteachers\/trainers and bussiness consultants who can provide training in\\r\\ndifferent fields. In 2014, Rivensco joined forces with a particular\\r\\nVocational and Technological Training Center, in order to improve its\\r\\ntraining capacity, expand its network, and provide more courses. Rivensco\\r\\nConsulting offers specialized courses for interview preparation, CV\\r\\npreparing, while it accustoms its trainees with personality tests and\\r\\ndifferent national tests. This has enabled Rivensco to focus on the training\\r\\nof young Entrpreneurs.&quot;}\" data-sheets-userformat=\"{&quot;2&quot;:961,&quot;3&quot;:{&quot;1&quot;:0},&quot;9&quot;:0,&quot;10&quot;:1,&quot;11&quot;:4,&quot;12&quot;:0}\"> Rivensco Consulting ofrece cursos especializados para preparaci\u00f3n de entrevistas, preparaci\u00f3n de CV, mientras acostumbra a sus aprendices con pruebas de personalidad y diferentes pruebas nacionales. Esto le ha permitido a Rivensco enfocarse en la formaci\u00f3n de j\u00f3venes Emprendedores.<\/span><\/p>\t\t\t\t\t\t<\/div>\n\t\t\t\t<\/div>\n\t\t\t\t\t<\/div>\n\t\t<\/div>\n\t\t\t\t\t\t\t<\/div>\n\t\t<\/section>\n\t\t\t\t\t\t\t<\/div>","protected":false},"excerpt":{"rendered":"<p>Rivensco Consulting Ltd is an innovating company that aims to establish itself as a major link between the academic and business world. Rivensco maintains offices in all major cities in Cyprus and it provides training in different subject areas such as business, [&hellip;]<\/p>","protected":false},"author":1,"featured_media":0,"parent":0,"menu_order":0,"comment_status":"closed","ping_status":"closed","template":"","meta":{"footnotes":""},"_links":{"self":[{"href":"https:\/\/istoproject.eu\/es\/wp-json\/wp\/v2\/pages\/279"}],"collection":[{"href":"https:\/\/istoproject.eu\/es\/wp-json\/wp\/v2\/pages"}],"about":[{"href":"https:\/\/istoproject.eu\/es\/wp-json\/wp\/v2\/types\/page"}],"author":[{"embeddable":true,"href":"https:\/\/istoproject.eu\/es\/wp-json\/wp\/v2\/users\/1"}],"replies":[{"embeddable":true,"href":"https:\/\/istoproject.eu\/es\/wp-json\/wp\/v2\/comments?post=279"}],"version-history":[{"count":4,"href":"https:\/\/istoproject.eu\/es\/wp-json\/wp\/v2\/pages\/279\/revisions"}],"predecessor-version":[{"id":284,"href":"https:\/\/istoproject.eu\/es\/wp-json\/wp\/v2\/pages\/279\/revisions\/284"}],"wp:attachment":[{"href":"https:\/\/istoproject.eu\/es\/wp-json\/wp\/v2\/media?parent=279"}],"curies":[{"name":"wp","href":"https:\/\/api.w.org\/{rel}","templated":true}]}}