{"id":491,"date":"2023-11-15T10:29:37","date_gmt":"2023-11-15T10:29:37","guid":{"rendered":"https:\/\/istoproject.eu\/?page_id=491"},"modified":"2023-11-15T10:32:02","modified_gmt":"2023-11-15T10:32:02","slug":"syllogos-ekpaidefsis-kai-anaptixis-atomon-me-idikes-angkes-multiplier-event","status":"publish","type":"page","link":"https:\/\/istoproject.eu\/es\/syllogos-ekpaidefsis-kai-anaptixis-atomon-me-idikes-angkes-multiplier-event\/","title":{"rendered":"SYLLOGOS EKPAIDEFSIS KAI ANAPTIXIS ATOMON ME IDIKES ANGKES &#8211; Multiplier Event"},"content":{"rendered":"<div data-elementor-type=\"wp-page\" data-elementor-id=\"491\" class=\"elementor elementor-491\">\n\t\t\t\t\t\t\t\t\t<section class=\"elementor-section elementor-top-section elementor-element elementor-element-aebffe7 elementor-section-boxed elementor-section-height-default elementor-section-height-default\" data-id=\"aebffe7\" data-element_type=\"section\">\n\t\t\t\t\t\t<div class=\"elementor-container elementor-column-gap-default\">\n\t\t\t\t\t<div class=\"elementor-column elementor-col-100 elementor-top-column elementor-element elementor-element-5e6eb33\" data-id=\"5e6eb33\" data-element_type=\"column\">\n\t\t\t<div class=\"elementor-widget-wrap elementor-element-populated\">\n\t\t\t\t\t\t\t\t<div class=\"elementor-element elementor-element-a0c7fdc elementor-widget elementor-widget-text-editor\" data-id=\"a0c7fdc\" data-element_type=\"widget\" data-widget_type=\"text-editor.default\">\n\t\t\t\t<div class=\"elementor-widget-container\">\n\t\t\t<style>\/*! elementor - v3.15.0 - 20-08-2023 *\/\n.elementor-widget-text-editor.elementor-drop-cap-view-stacked .elementor-drop-cap{background-color:#69727d;color:#fff}.elementor-widget-text-editor.elementor-drop-cap-view-framed .elementor-drop-cap{color:#69727d;border:3px solid;background-color:transparent}.elementor-widget-text-editor:not(.elementor-drop-cap-view-default) .elementor-drop-cap{margin-top:8px}.elementor-widget-text-editor:not(.elementor-drop-cap-view-default) .elementor-drop-cap-letter{width:1em;height:1em}.elementor-widget-text-editor .elementor-drop-cap{float:left;text-align:center;line-height:1;font-size:50px}.elementor-widget-text-editor .elementor-drop-cap-letter{display:inline-block}<\/style>\t\t\t\t<p>En Kavala, Grecia, se celebr\u00f3 un evento organizado por ASEDDEDIPE, centrado en la \"Inclusi\u00f3n social en las escuelas de hosteler\u00eda para favorecer el empleo de estudiantes con discapacidad en el sector HoReCa\". Con un p\u00fablico objetivo de 27 participantes locales y 18 virtuales, el acto reuni\u00f3 a una variada gama de profesionales, incluidos profesores de formaci\u00f3n profesional, profesores de formaci\u00f3n profesional de educaci\u00f3n especial, centros de formaci\u00f3n profesional, estudiantes de HoReCa, ONG de discapacitados, asociaciones profesionales y empleados del sector HoReCa.<\/p><p>Los objetivos de este evento multiplicador eran:<\/p><ol><li>Promover la adopci\u00f3n de los tres resultados del proyecto en el sector de la educaci\u00f3n escolar.<\/li><li>Facilitar la transferencia de pr\u00e1cticas de \u00e9xito entre diversos sectores, incluida la Educaci\u00f3n y Formaci\u00f3n Profesionales (EFP).<\/li><li>Garantizar la sostenibilidad del proyecto para que tenga repercusiones a largo plazo.<\/li><li>Raising awareness about educational strategies that foster sustainable and inclusive practices in the dynamic field of tourism.<\/li><li>Realizaci\u00f3n de un an\u00e1lisis detallado de los programas, pol\u00edticas y pr\u00e1cticas escolares relacionados con la sostenibilidad y la inclusi\u00f3n en Kavala (Grecia), con la intenci\u00f3n de aportar ideas a nivel europeo.<\/li><li>Abogar por la inclusi\u00f3n social en las escuelas de hosteler\u00eda para mejorar las oportunidades de empleo de los estudiantes con discapacidad en el sector HoReCa.<\/li><\/ol><p>El acto tuvo lugar en Kavala (Grecia) y sirvi\u00f3 de plataforma para que los participantes se comprometieran con la misi\u00f3n y el prop\u00f3sito del proyecto. Tras el acto, los participantes buscaron activamente informaci\u00f3n sobre los objetivos del proyecto, su p\u00fablico destinatario y las v\u00edas para seguir explorando.<\/p><p>En conclusi\u00f3n, el acto se consider\u00f3 un gran \u00e9xito, ya que facilit\u00f3 el contacto directo con grupos destinatarios clave. Los participantes se convirtieron en multiplicadores cruciales, dispuestos a difundir la valiosa labor del proyecto. ASEDDEDIPE celebra el impacto positivo de este acto y conf\u00eda en el efecto que tendr\u00e1 en el fomento de la inclusi\u00f3n social y las oportunidades de empleo para los estudiantes con discapacidad en el din\u00e1mico sector HoReCa.<\/p>\t\t\t\t\t\t<\/div>\n\t\t\t\t<\/div>\n\t\t\t\t\t<\/div>\n\t\t<\/div>\n\t\t\t\t\t\t\t<\/div>\n\t\t<\/section>\n\t\t\t\t<section class=\"elementor-section elementor-top-section elementor-element elementor-element-20f7d63 elementor-section-boxed elementor-section-height-default elementor-section-height-default\" data-id=\"20f7d63\" data-element_type=\"section\">\n\t\t\t\t\t\t<div class=\"elementor-container elementor-column-gap-default\">\n\t\t\t\t\t<div class=\"elementor-column elementor-col-100 elementor-top-column elementor-element elementor-element-f8268c1\" data-id=\"f8268c1\" data-element_type=\"column\">\n\t\t\t<div class=\"elementor-widget-wrap elementor-element-populated\">\n\t\t\t\t\t\t\t\t<div class=\"elementor-element elementor-element-1901632 elementor-align-center elementor-widget elementor-widget-button\" data-id=\"1901632\" data-element_type=\"widget\" data-widget_type=\"button.default\">\n\t\t\t\t<div class=\"elementor-widget-container\">\n\t\t\t\t\t<div class=\"elementor-button-wrapper\">\n\t\t\t<a class=\"elementor-button elementor-button-link elementor-size-sm\" href=\"#\">\n\t\t\t\t\t\t<span class=\"elementor-button-content-wrapper\">\n\t\t\t\t\t\t<span class=\"elementor-button-text\">Descargue el v\u00eddeo del acto<\/span>\n\t\t<\/span>\n\t\t\t\t\t<\/a>\n\t\t<\/div>\n\t\t\t\t<\/div>\n\t\t\t\t<\/div>\n\t\t\t\t\t<\/div>\n\t\t<\/div>\n\t\t\t\t\t\t\t<\/div>\n\t\t<\/section>\n\t\t\t\t\t\t\t<\/div>","protected":false},"excerpt":{"rendered":"<p>In Kavala, Greece, was held a multiplier event hosted by ASEDDEDIPE, focusing on &#8216;Social Inclusion in Hotel Schools for Favoring the Employment of Students with Disabilities in the HoReCa Sector.&#8217; With a targeted audience of 27 local and 18 virtual participants, the [&hellip;]<\/p>","protected":false},"author":1,"featured_media":0,"parent":0,"menu_order":0,"comment_status":"closed","ping_status":"closed","template":"","meta":{"footnotes":""},"_links":{"self":[{"href":"https:\/\/istoproject.eu\/es\/wp-json\/wp\/v2\/pages\/491"}],"collection":[{"href":"https:\/\/istoproject.eu\/es\/wp-json\/wp\/v2\/pages"}],"about":[{"href":"https:\/\/istoproject.eu\/es\/wp-json\/wp\/v2\/types\/page"}],"author":[{"embeddable":true,"href":"https:\/\/istoproject.eu\/es\/wp-json\/wp\/v2\/users\/1"}],"replies":[{"embeddable":true,"href":"https:\/\/istoproject.eu\/es\/wp-json\/wp\/v2\/comments?post=491"}],"version-history":[{"count":7,"href":"https:\/\/istoproject.eu\/es\/wp-json\/wp\/v2\/pages\/491\/revisions"}],"predecessor-version":[{"id":499,"href":"https:\/\/istoproject.eu\/es\/wp-json\/wp\/v2\/pages\/491\/revisions\/499"}],"wp:attachment":[{"href":"https:\/\/istoproject.eu\/es\/wp-json\/wp\/v2\/media?parent=491"}],"curies":[{"name":"wp","href":"https:\/\/api.w.org\/{rel}","templated":true}]}}