{"id":506,"date":"2023-11-15T11:16:38","date_gmt":"2023-11-15T11:16:38","guid":{"rendered":"https:\/\/istoproject.eu\/?page_id=506"},"modified":"2023-11-15T11:19:02","modified_gmt":"2023-11-15T11:19:02","slug":"general-directorate-of-secondary-education-multiplier-event","status":"publish","type":"page","link":"https:\/\/istoproject.eu\/es\/general-directorate-of-secondary-education-multiplier-event\/","title":{"rendered":"GENERAL DIRECTORATE OF SECONDARY EDUCATION &#8211; Multiplier Event"},"content":{"rendered":"<div data-elementor-type=\"wp-page\" data-elementor-id=\"506\" class=\"elementor elementor-506\">\n\t\t\t\t\t\t\t\t\t<section class=\"elementor-section elementor-top-section elementor-element elementor-element-f27afe8 elementor-section-boxed elementor-section-height-default elementor-section-height-default\" data-id=\"f27afe8\" data-element_type=\"section\">\n\t\t\t\t\t\t<div class=\"elementor-container elementor-column-gap-default\">\n\t\t\t\t\t<div class=\"elementor-column elementor-col-100 elementor-top-column elementor-element elementor-element-375acdd\" data-id=\"375acdd\" data-element_type=\"column\">\n\t\t\t<div class=\"elementor-widget-wrap elementor-element-populated\">\n\t\t\t\t\t\t\t\t<div class=\"elementor-element elementor-element-ac600e7 elementor-widget elementor-widget-text-editor\" data-id=\"ac600e7\" data-element_type=\"widget\" data-widget_type=\"text-editor.default\">\n\t\t\t\t<div class=\"elementor-widget-container\">\n\t\t\t<style>\/*! elementor - v3.15.0 - 20-08-2023 *\/\n.elementor-widget-text-editor.elementor-drop-cap-view-stacked .elementor-drop-cap{background-color:#69727d;color:#fff}.elementor-widget-text-editor.elementor-drop-cap-view-framed .elementor-drop-cap{color:#69727d;border:3px solid;background-color:transparent}.elementor-widget-text-editor:not(.elementor-drop-cap-view-default) .elementor-drop-cap{margin-top:8px}.elementor-widget-text-editor:not(.elementor-drop-cap-view-default) .elementor-drop-cap-letter{width:1em;height:1em}.elementor-widget-text-editor .elementor-drop-cap{float:left;text-align:center;line-height:1;font-size:50px}.elementor-widget-text-editor .elementor-drop-cap-letter{display:inline-block}<\/style>\t\t\t\t<p>Como Direcci\u00f3n de Educaci\u00f3n Nacional del Distrito de Mamak, tenemos muchas escuelas e instituciones en todos los campos. En este contexto, participaron directores de escuela, subdirectores, profesores, jefes de campo y de departamento, estudiantes, estudiantes discapacitados, operadores de restaurantes, representantes de hoteles y otros representantes que trabajan en todas las escuelas e instituciones relacionadas directa e indirectamente con los resultados de nuestro proyecto.<\/p><p>Un total de 180 personas asistieron a la conferencia. De ellas, 93 personas participaron cara a cara y las 87 restantes, en l\u00ednea a trav\u00e9s de zoom. Dado que la Direcci\u00f3n Distrital de Educaci\u00f3n Nacional de Mamak es la autoridad local y se trata de una direcci\u00f3n, todos los participantes son externos a la instituci\u00f3n. Por lo tanto, se celebraron eventos multiplicadores con 180 participantes externos en total.<\/p><p>El acto fue un programa muy concurrido en el que se compartieron los resultados de nuestro proyecto ISTO. La conferencia fue organizada por Mamak MEM y celebrada en el Centro de Educaci\u00f3n P\u00fablica de Mamak el 18.10.2023 a las 14:00 horas. Asistieron a la conferencia 93 participantes presenciales y 87 participantes en l\u00ednea.<br \/>Como puntos del orden del d\u00eda de la reuni\u00f3n;<br \/>Presentaci\u00f3n del proyecto ISTO, prop\u00f3sito, importancia, p\u00fablico destinatario, impacto y resultados.<br \/>Los resultados del proyecto fueron los m\u00e1s destacados en la conferencia. Son los siguientes<br \/>O1: Gu\u00eda pr\u00e1ctica de turismo ecol\u00f3gico e inclusivo para profesores de escuela<br \/>O2: Juego de Turismo Ecol\u00f3gico e Inclusivo<br \/>O3: Pautas de Educacion Escolarpara Escuelas de Hoteleria dedicadas a la promoci\u00f3n del turismo inclusivo y sostenible<br \/>El juego para m\u00f3viles producido en el marco del proyecto se proyect\u00f3 en la gran pantalla y se present\u00f3 a los participantes. La conferencia se complet\u00f3 con el intenso inter\u00e9s de los participantes. Al final de la conferencia, se entreg\u00f3 a los participantes un cuestionario de evaluaci\u00f3n y se envi\u00f3 un enlace a los participantes en l\u00ednea en la plataforma zoom. Por otra parte, se expidi\u00f3 un certificado de participaci\u00f3n a cada participante y se envi\u00f3 a las direcciones de correo electr\u00f3nico de los participantes en l\u00ednea. Al final de la conferencia se sirvi\u00f3 un refrigerio a los participantes y durante el mismo se respondieron a sus preguntas.<\/p><p>Se vio que, en general, los participantes estaban satisfechos y de los resultados se desprendi\u00f3 que estaban muy interesados en recibir comentarios. Los participantes que participaron en l\u00ednea declararon que quer\u00edan participar cara a cara. Por otra parte, de los resultados se dedujo que obtuvieron \u00edndices elevados en t\u00e9rminos de satisfacci\u00f3n general.<\/p>\t\t\t\t\t\t<\/div>\n\t\t\t\t<\/div>\n\t\t\t\t\t<\/div>\n\t\t<\/div>\n\t\t\t\t\t\t\t<\/div>\n\t\t<\/section>\n\t\t\t\t\t\t\t<\/div>","protected":false},"excerpt":{"rendered":"<p>As Mamak District Directorate of National Education, we have many schools and institutions in every field. In this context, school principals, deputy principals, teachers, field and department chiefs, students, disabled students, restaurant operators, hotel representatives and other representatives working in every school [&hellip;]<\/p>","protected":false},"author":1,"featured_media":0,"parent":0,"menu_order":0,"comment_status":"closed","ping_status":"closed","template":"","meta":{"footnotes":""},"_links":{"self":[{"href":"https:\/\/istoproject.eu\/es\/wp-json\/wp\/v2\/pages\/506"}],"collection":[{"href":"https:\/\/istoproject.eu\/es\/wp-json\/wp\/v2\/pages"}],"about":[{"href":"https:\/\/istoproject.eu\/es\/wp-json\/wp\/v2\/types\/page"}],"author":[{"embeddable":true,"href":"https:\/\/istoproject.eu\/es\/wp-json\/wp\/v2\/users\/1"}],"replies":[{"embeddable":true,"href":"https:\/\/istoproject.eu\/es\/wp-json\/wp\/v2\/comments?post=506"}],"version-history":[{"count":4,"href":"https:\/\/istoproject.eu\/es\/wp-json\/wp\/v2\/pages\/506\/revisions"}],"predecessor-version":[{"id":511,"href":"https:\/\/istoproject.eu\/es\/wp-json\/wp\/v2\/pages\/506\/revisions\/511"}],"wp:attachment":[{"href":"https:\/\/istoproject.eu\/es\/wp-json\/wp\/v2\/media?parent=506"}],"curies":[{"name":"wp","href":"https:\/\/api.w.org\/{rel}","templated":true}]}}