{"id":519,"date":"2023-11-15T13:14:29","date_gmt":"2023-11-15T13:14:29","guid":{"rendered":"https:\/\/istoproject.eu\/?page_id=519"},"modified":"2023-11-15T13:28:08","modified_gmt":"2023-11-15T13:28:08","slug":"acelera-labs-multiplier-event","status":"publish","type":"page","link":"https:\/\/istoproject.eu\/es\/acelera-labs-multiplier-event\/","title":{"rendered":"Acelera Labs &#8211; Multiplier Event"},"content":{"rendered":"<div data-elementor-type=\"wp-page\" data-elementor-id=\"519\" class=\"elementor elementor-519\">\n\t\t\t\t\t\t\t\t\t<section class=\"elementor-section elementor-top-section elementor-element elementor-element-4a6e055 elementor-section-boxed elementor-section-height-default elementor-section-height-default\" data-id=\"4a6e055\" data-element_type=\"section\">\n\t\t\t\t\t\t<div class=\"elementor-container elementor-column-gap-default\">\n\t\t\t\t\t<div class=\"elementor-column elementor-col-100 elementor-top-column elementor-element elementor-element-18a174a\" data-id=\"18a174a\" data-element_type=\"column\">\n\t\t\t<div class=\"elementor-widget-wrap elementor-element-populated\">\n\t\t\t\t\t\t\t\t<div class=\"elementor-element elementor-element-39fd52b elementor-widget elementor-widget-text-editor\" data-id=\"39fd52b\" data-element_type=\"widget\" data-widget_type=\"text-editor.default\">\n\t\t\t\t<div class=\"elementor-widget-container\">\n\t\t\t<style>\/*! elementor - v3.15.0 - 20-08-2023 *\/\n.elementor-widget-text-editor.elementor-drop-cap-view-stacked .elementor-drop-cap{background-color:#69727d;color:#fff}.elementor-widget-text-editor.elementor-drop-cap-view-framed .elementor-drop-cap{color:#69727d;border:3px solid;background-color:transparent}.elementor-widget-text-editor:not(.elementor-drop-cap-view-default) .elementor-drop-cap{margin-top:8px}.elementor-widget-text-editor:not(.elementor-drop-cap-view-default) .elementor-drop-cap-letter{width:1em;height:1em}.elementor-widget-text-editor .elementor-drop-cap{float:left;text-align:center;line-height:1;font-size:50px}.elementor-widget-text-editor .elementor-drop-cap-letter{display:inline-block}<\/style>\t\t\t\t<p>Acelera Labs organiz\u00f3 un emocionante evento de un d\u00eda de duraci\u00f3n que promete revolucionar la comunicaci\u00f3n visual en el \u00e1mbito del turismo ecol\u00f3gico, los objetivos sostenibles y la inclusi\u00f3n en entornos educativos escolares. Este evento tuvo lugar en la ciudad de Madrid.<\/p><p><strong>Objetivos del evento:<\/strong><\/p><ol><li><strong>Promover la adopci\u00f3n en las escuelas:<\/strong> Difundir los resultados de tres proyectos en el sector de la educaci\u00f3n escolar.<\/li><li><strong>Compartir buenas pr\u00e1cticas:<\/strong> Aseg\u00farese de que las buenas ideas funcionen no s\u00f3lo en las escuelas, sino tambi\u00e9n en otros \u00e1mbitos, incluida la Educaci\u00f3n y Formaci\u00f3n Profesionales (EFP).<\/li><li><strong>Garantizar la sostenibilidad del proyecto:<\/strong> Mantener el proyecto fuerte y eficaz a largo plazo.<\/li><li><strong>Sensibilizar:<\/strong> Arrojar luz sobre los m\u00e9todos educativos que promueven pr\u00e1cticas sostenibles e integradoras en el din\u00e1mico \u00e1mbito del turismo.<\/li><li><strong>Analizar los programas escolares en Espa\u00f1a:<\/strong> Profundizar en los programas, pol\u00edticas y pr\u00e1cticas escolares relacionadas con la sostenibilidad y la inclusi\u00f3n en Espa\u00f1a, con el objetivo de aportar ideas a nivel europeo.<\/li><li><strong>Promover la comunicaci\u00f3n visual con fines \u00e9ticos:<\/strong> Fomentar el uso adecuado de la comunicaci\u00f3n visual para lograr objetivos \u00e9ticos.<\/li><\/ol><p><strong>Identidad visual:<\/strong><\/p><p>La identidad visual del proyecto comienza con su logotipo, una representaci\u00f3n gr\u00e1fica de la esencia del proyecto. El logotipo presenta s\u00edmbolos y colores acordes con el contenido y la misi\u00f3n del proyecto:<\/p><ul><li><strong>Hojas:<\/strong> Representar el concepto de naturaleza y sostenibilidad.<\/li><li><strong>Maleta:<\/strong> Simbolizar el turismo.<\/li><li><strong>Paleta de colores verdes:<\/strong> Un gui\u00f1o a la transici\u00f3n verde y a los distintos tonos de verde.<\/li><li><strong>Fuente simple en azul:<\/strong> Garantizar la claridad y la legibilidad.<\/li><\/ul><p>El dise\u00f1o del sitio web sigue la misma l\u00ednea, dando prioridad a una navegaci\u00f3n f\u00e1cil e integradora, con un dise\u00f1o que refleja la paleta de colores del logotipo y transmite el alma del proyecto a trav\u00e9s de la gamificaci\u00f3n.<\/p><p><strong>Dise\u00f1o de juegos:<\/strong><\/p><p>Para el dise\u00f1o del juego, se hizo hincapi\u00e9 en crear una aplicaci\u00f3n ligera y f\u00e1cil de usar incluso en dispositivos menos avanzados. Un dise\u00f1o minimalista y colorista con una vista frontal en 2D del hotel permite a los usuarios identificar f\u00e1cilmente los distintos elementos e interactuar con ellos. Los iconos reconocibles transmiten conceptos claros:<\/p><ul><li><strong>Moneda:<\/strong> Representa el dinero.<\/li><li><strong>Pulgares arriba:<\/strong> Indica la satisfacci\u00f3n del cliente.<\/li><li><strong>F\u00e1brica de emisi\u00f3n de humos:<\/strong> Significa impacto medioambiental.<\/li><li><strong>Cama con Euro S\u00edmbolo:<\/strong> Representa los precios de las habitaciones.<\/li><\/ul><p>Este enfoque innovador de la comunicaci\u00f3n visual est\u00e1 a punto de transformar nuestra forma de abordar el turismo ecol\u00f3gico, los objetivos sostenibles y la inclusi\u00f3n en los entornos educativos escolares.\u00a0<\/p>\t\t\t\t\t\t<\/div>\n\t\t\t\t<\/div>\n\t\t\t\t\t<\/div>\n\t\t<\/div>\n\t\t\t\t\t\t\t<\/div>\n\t\t<\/section>\n\t\t\t\t\t\t\t<\/div>","protected":false},"excerpt":{"rendered":"<p>Acelera Labs organized an exciting one-day event that promises to revolutionize visual communication in the realm of ecological tourism, sustainable goals, and inclusion within school education settings. This event took place in the city of Madrid. Goals of the Event: Promote Adoption [&hellip;]<\/p>","protected":false},"author":1,"featured_media":0,"parent":0,"menu_order":0,"comment_status":"closed","ping_status":"closed","template":"","meta":{"footnotes":""},"_links":{"self":[{"href":"https:\/\/istoproject.eu\/es\/wp-json\/wp\/v2\/pages\/519"}],"collection":[{"href":"https:\/\/istoproject.eu\/es\/wp-json\/wp\/v2\/pages"}],"about":[{"href":"https:\/\/istoproject.eu\/es\/wp-json\/wp\/v2\/types\/page"}],"author":[{"embeddable":true,"href":"https:\/\/istoproject.eu\/es\/wp-json\/wp\/v2\/users\/1"}],"replies":[{"embeddable":true,"href":"https:\/\/istoproject.eu\/es\/wp-json\/wp\/v2\/comments?post=519"}],"version-history":[{"count":4,"href":"https:\/\/istoproject.eu\/es\/wp-json\/wp\/v2\/pages\/519\/revisions"}],"predecessor-version":[{"id":531,"href":"https:\/\/istoproject.eu\/es\/wp-json\/wp\/v2\/pages\/519\/revisions\/531"}],"wp:attachment":[{"href":"https:\/\/istoproject.eu\/es\/wp-json\/wp\/v2\/media?parent=519"}],"curies":[{"name":"wp","href":"https:\/\/api.w.org\/{rel}","templated":true}]}}