{"id":279,"date":"2023-09-01T10:38:50","date_gmt":"2023-09-01T10:38:50","guid":{"rendered":"https:\/\/istoproject.eu\/?page_id=279"},"modified":"2023-09-01T10:40:51","modified_gmt":"2023-09-01T10:40:51","slug":"rivesco-consulting-ltd","status":"publish","type":"page","link":"https:\/\/istoproject.eu\/fr\/rivesco-consulting-ltd\/","title":{"rendered":"Rivesco Consulting Ltd"},"content":{"rendered":"<div data-elementor-type=\"wp-page\" data-elementor-id=\"279\" class=\"elementor elementor-279\">\n\t\t\t\t\t\t\t\t\t<section class=\"elementor-section elementor-top-section elementor-element elementor-element-52b8dd4 elementor-section-boxed elementor-section-height-default elementor-section-height-default\" data-id=\"52b8dd4\" data-element_type=\"section\">\n\t\t\t\t\t\t<div class=\"elementor-container elementor-column-gap-default\">\n\t\t\t\t\t<div class=\"elementor-column elementor-col-100 elementor-top-column elementor-element elementor-element-367766d\" data-id=\"367766d\" data-element_type=\"column\">\n\t\t\t<div class=\"elementor-widget-wrap elementor-element-populated\">\n\t\t\t\t\t\t\t\t<div class=\"elementor-element elementor-element-7aac408 elementor-widget__width-initial elementor-widget elementor-widget-image\" data-id=\"7aac408\" data-element_type=\"widget\" data-widget_type=\"image.default\">\n\t\t\t\t<div class=\"elementor-widget-container\">\n\t\t\t<style>\/*! elementor - v3.15.0 - 20-08-2023 *\/\n.elementor-widget-image{text-align:center}.elementor-widget-image a{display:inline-block}.elementor-widget-image a img[src$=\".svg\"]{width:48px}.elementor-widget-image img{vertical-align:middle;display:inline-block}<\/style>\t\t\t\t\t\t\t\t\t\t\t\t<img decoding=\"async\" loading=\"lazy\" width=\"227\" height=\"212\" src=\"https:\/\/istoproject.eu\/wp-content\/uploads\/2023\/09\/Rivensco-Logo.jpg\" class=\"attachment-medium_large size-medium_large wp-image-215\" alt=\"\" \/>\t\t\t\t\t\t\t\t\t\t\t\t\t\t\t<\/div>\n\t\t\t\t<\/div>\n\t\t\t\t\t<\/div>\n\t\t<\/div>\n\t\t\t\t\t\t\t<\/div>\n\t\t<\/section>\n\t\t\t\t<section class=\"elementor-section elementor-top-section elementor-element elementor-element-c3e2620 elementor-section-boxed elementor-section-height-default elementor-section-height-default\" data-id=\"c3e2620\" data-element_type=\"section\">\n\t\t\t\t\t\t<div class=\"elementor-container elementor-column-gap-default\">\n\t\t\t\t\t<div class=\"elementor-column elementor-col-100 elementor-top-column elementor-element elementor-element-f87e1c8\" data-id=\"f87e1c8\" data-element_type=\"column\">\n\t\t\t<div class=\"elementor-widget-wrap elementor-element-populated\">\n\t\t\t\t\t\t\t\t<div class=\"elementor-element elementor-element-d6f4523 elementor-widget elementor-widget-spacer\" data-id=\"d6f4523\" data-element_type=\"widget\" data-widget_type=\"spacer.default\">\n\t\t\t\t<div class=\"elementor-widget-container\">\n\t\t\t<style>\/*! elementor - v3.15.0 - 20-08-2023 *\/\n.elementor-column .elementor-spacer-inner{height:var(--spacer-size)}.e-con{--container-widget-width:100%}.e-con-inner>.elementor-widget-spacer,.e-con>.elementor-widget-spacer{width:var(--container-widget-width,var(--spacer-size));--align-self:var(--container-widget-align-self,initial);--flex-shrink:0}.e-con-inner>.elementor-widget-spacer>.elementor-widget-container,.e-con-inner>.elementor-widget-spacer>.elementor-widget-container>.elementor-spacer,.e-con>.elementor-widget-spacer>.elementor-widget-container,.e-con>.elementor-widget-spacer>.elementor-widget-container>.elementor-spacer{height:100%}.e-con-inner>.elementor-widget-spacer>.elementor-widget-container>.elementor-spacer>.elementor-spacer-inner,.e-con>.elementor-widget-spacer>.elementor-widget-container>.elementor-spacer>.elementor-spacer-inner{height:var(--container-widget-height,var(--spacer-size))}<\/style>\t\t<div class=\"elementor-spacer\">\n\t\t\t<div class=\"elementor-spacer-inner\"><\/div>\n\t\t<\/div>\n\t\t\t\t<\/div>\n\t\t\t\t<\/div>\n\t\t\t\t\t<\/div>\n\t\t<\/div>\n\t\t\t\t\t\t\t<\/div>\n\t\t<\/section>\n\t\t\t\t<section class=\"elementor-section elementor-top-section elementor-element elementor-element-b05cb99 elementor-section-boxed elementor-section-height-default elementor-section-height-default\" data-id=\"b05cb99\" data-element_type=\"section\">\n\t\t\t\t\t\t<div class=\"elementor-container elementor-column-gap-default\">\n\t\t\t\t\t<div class=\"elementor-column elementor-col-100 elementor-top-column elementor-element elementor-element-aab25d9\" data-id=\"aab25d9\" data-element_type=\"column\">\n\t\t\t<div class=\"elementor-widget-wrap elementor-element-populated\">\n\t\t\t\t\t\t\t\t<div class=\"elementor-element elementor-element-f6e67b5 elementor-widget elementor-widget-text-editor\" data-id=\"f6e67b5\" data-element_type=\"widget\" data-widget_type=\"text-editor.default\">\n\t\t\t\t<div class=\"elementor-widget-container\">\n\t\t\t<style>\/*! elementor - v3.15.0 - 20-08-2023 *\/\n.elementor-widget-text-editor.elementor-drop-cap-view-stacked .elementor-drop-cap{background-color:#69727d;color:#fff}.elementor-widget-text-editor.elementor-drop-cap-view-framed .elementor-drop-cap{color:#69727d;border:3px solid;background-color:transparent}.elementor-widget-text-editor:not(.elementor-drop-cap-view-default) .elementor-drop-cap{margin-top:8px}.elementor-widget-text-editor:not(.elementor-drop-cap-view-default) .elementor-drop-cap-letter{width:1em;height:1em}.elementor-widget-text-editor .elementor-drop-cap{float:left;text-align:center;line-height:1;font-size:50px}.elementor-widget-text-editor .elementor-drop-cap-letter{display:inline-block}<\/style>\t\t\t\t<p class=\" translation-block\">Rivensco Consulting Ltd est une entreprise innovante qui vise \u00e0 s'imposer comme un lien majeur entre le monde acad\u00e9mique et le monde des affaires. Rivensco a des bureaux dans toutes les grandes villes de Chypre et offre des formations dans diff\u00e9rents domaines tels que les affaires, les entreprises sociales, les technologies de l'information et l'h\u00f4tellerie. Gr\u00e2ce \u00e0 notre exp\u00e9rience dans les projets de l'UE, nous aidons les entreprises locales \u00e0 participer \u00e0 des projets de financement europ\u00e9ens et nationaux, y compris la chambre de commerce locale, les coll\u00e8ges locaux, les universit\u00e9s, les minist\u00e8res, les municipalit\u00e9s et d'autres parties prenantes. L'efficacit\u00e9 de nos op\u00e9rations n\u00e9cessite la coop\u00e9ration de plusieurs petites entreprises et parties prenantes locales, y compris les m\u00e9dias locaux. Nous accordons une attention particuli\u00e8re au r\u00f4le central des nouvelles technologies et \u00e0 l'avantage concurrentiel qu'elles offrent. Nos op\u00e9rations quotidiennes avec plusieurs entreprises rendent notre entreprise id\u00e9ale pour le stage, car elle est dans une position privil\u00e9gi\u00e9e pour fournir une exp\u00e9rience r\u00e9elle dans diff\u00e9rents domaines.<\/p><p><span data-sheets-value=\"{&quot;1&quot;:2,&quot;2&quot;:&quot;Rivensco Consulting Ltd is an innovating company that aims to establish itself as a major link between the academic and business world.\\r\\nRivensco maintains offices in all major cities in Cyprus and it provides\\r\\ntraining in different subject areas such as business, social enterprises,\\r\\ninformation technology and hospitality. With our experience in EU\\r\\nprojects, we support local businesses to participate in European and\\r\\nnational funding projects, including the local Chamber of Commerce, local\\r\\nColleges, Universities, Ministries, Municipalities and other stakeholders.\\r\\nThe effectiveness of our operations requires the cooperation with several\\r\\nsmall businesses and local stakeholders, including local media. We pay\\r\\nparticular attention to the pivotal role of new technologies and the\\r\\ncompetitive advantage they offer. Our daily operations with several\\r\\nenterprises make our company ideal for working placement, since it is in\\r\\na privileged position to provide real experience in different fields. The\\r\\nhighly specialized professional staff includes psychologists,\\r\\nteachers\/trainers and bussiness consultants who can provide training in\\r\\ndifferent fields. In 2014, Rivensco joined forces with a particular\\r\\nVocational and Technological Training Center, in order to improve its\\r\\ntraining capacity, expand its network, and provide more courses. Rivensco\\r\\nConsulting offers specialized courses for interview preparation, CV\\r\\npreparing, while it accustoms its trainees with personality tests and\\r\\ndifferent national tests. This has enabled Rivensco to focus on the training\\r\\nof young Entrpreneurs.&quot;}\" data-sheets-userformat=\"{&quot;2&quot;:961,&quot;3&quot;:{&quot;1&quot;:0},&quot;9&quot;:0,&quot;10&quot;:1,&quot;11&quot;:4,&quot;12&quot;:0}\">Le personnel professionnel hautement sp\u00e9cialis\u00e9 comprend des psychologues, des enseignants \/ formateurs et des consultants en affaires qui peuvent fournir une formation dans diff\u00e9rents domaines. En 2014, Rivensco s'est associ\u00e9 \u00e0 un centre de formation professionnelle et technologique particulier afin d'am\u00e9liorer sa capacit\u00e9 de formation, d'\u00e9largir son r\u00e9seau et d'offrir davantage de cours.<\/span><\/p><p><span data-sheets-value=\"{&quot;1&quot;:2,&quot;2&quot;:&quot;Rivensco Consulting Ltd is an innovating company that aims to establish itself as a major link between the academic and business world.\\r\\nRivensco maintains offices in all major cities in Cyprus and it provides\\r\\ntraining in different subject areas such as business, social enterprises,\\r\\ninformation technology and hospitality. With our experience in EU\\r\\nprojects, we support local businesses to participate in European and\\r\\nnational funding projects, including the local Chamber of Commerce, local\\r\\nColleges, Universities, Ministries, Municipalities and other stakeholders.\\r\\nThe effectiveness of our operations requires the cooperation with several\\r\\nsmall businesses and local stakeholders, including local media. We pay\\r\\nparticular attention to the pivotal role of new technologies and the\\r\\ncompetitive advantage they offer. Our daily operations with several\\r\\nenterprises make our company ideal for working placement, since it is in\\r\\na privileged position to provide real experience in different fields. The\\r\\nhighly specialized professional staff includes psychologists,\\r\\nteachers\/trainers and bussiness consultants who can provide training in\\r\\ndifferent fields. In 2014, Rivensco joined forces with a particular\\r\\nVocational and Technological Training Center, in order to improve its\\r\\ntraining capacity, expand its network, and provide more courses. Rivensco\\r\\nConsulting offers specialized courses for interview preparation, CV\\r\\npreparing, while it accustoms its trainees with personality tests and\\r\\ndifferent national tests. This has enabled Rivensco to focus on the training\\r\\nof young Entrpreneurs.&quot;}\" data-sheets-userformat=\"{&quot;2&quot;:961,&quot;3&quot;:{&quot;1&quot;:0},&quot;9&quot;:0,&quot;10&quot;:1,&quot;11&quot;:4,&quot;12&quot;:0}\"> Rivensco Consulting propose des cours sp\u00e9cialis\u00e9s pour la pr\u00e9paration aux entretiens, la pr\u00e9paration de CV, tout en habituant ses stagiaires avec des tests de personnalit\u00e9 et diff\u00e9rents tests nationaux. Cela a permis \u00e0 Rivensco de se concentrer sur la formation des jeunes Entrpreneurs.<\/span><\/p>\t\t\t\t\t\t<\/div>\n\t\t\t\t<\/div>\n\t\t\t\t\t<\/div>\n\t\t<\/div>\n\t\t\t\t\t\t\t<\/div>\n\t\t<\/section>\n\t\t\t\t\t\t\t<\/div>","protected":false},"excerpt":{"rendered":"<p>Rivensco Consulting Ltd is an innovating company that aims to establish itself as a major link between the academic and business world. Rivensco maintains offices in all major cities in Cyprus and it provides training in different subject areas such as business, [&hellip;]<\/p>","protected":false},"author":1,"featured_media":0,"parent":0,"menu_order":0,"comment_status":"closed","ping_status":"closed","template":"","meta":{"footnotes":""},"_links":{"self":[{"href":"https:\/\/istoproject.eu\/fr\/wp-json\/wp\/v2\/pages\/279"}],"collection":[{"href":"https:\/\/istoproject.eu\/fr\/wp-json\/wp\/v2\/pages"}],"about":[{"href":"https:\/\/istoproject.eu\/fr\/wp-json\/wp\/v2\/types\/page"}],"author":[{"embeddable":true,"href":"https:\/\/istoproject.eu\/fr\/wp-json\/wp\/v2\/users\/1"}],"replies":[{"embeddable":true,"href":"https:\/\/istoproject.eu\/fr\/wp-json\/wp\/v2\/comments?post=279"}],"version-history":[{"count":4,"href":"https:\/\/istoproject.eu\/fr\/wp-json\/wp\/v2\/pages\/279\/revisions"}],"predecessor-version":[{"id":284,"href":"https:\/\/istoproject.eu\/fr\/wp-json\/wp\/v2\/pages\/279\/revisions\/284"}],"wp:attachment":[{"href":"https:\/\/istoproject.eu\/fr\/wp-json\/wp\/v2\/media?parent=279"}],"curies":[{"name":"wp","href":"https:\/\/api.w.org\/{rel}","templated":true}]}}