{"id":471,"date":"2023-11-15T09:35:45","date_gmt":"2023-11-15T09:35:45","guid":{"rendered":"https:\/\/istoproject.eu\/?page_id=471"},"modified":"2023-11-15T10:25:11","modified_gmt":"2023-11-15T10:25:11","slug":"rivensco-consulting-ltd-multiplier-event","status":"publish","type":"page","link":"https:\/\/istoproject.eu\/fr\/rivensco-consulting-ltd-multiplier-event\/","title":{"rendered":"Rivensco Consulting LTD &#8211; Multiplier Event"},"content":{"rendered":"<div data-elementor-type=\"wp-page\" data-elementor-id=\"471\" class=\"elementor elementor-471\">\n\t\t\t\t\t\t\t\t\t<section class=\"elementor-section elementor-top-section elementor-element elementor-element-2d4176f elementor-section-boxed elementor-section-height-default elementor-section-height-default\" data-id=\"2d4176f\" data-element_type=\"section\">\n\t\t\t\t\t\t<div class=\"elementor-container elementor-column-gap-default\">\n\t\t\t\t\t<div class=\"elementor-column elementor-col-100 elementor-top-column elementor-element elementor-element-21b222e\" data-id=\"21b222e\" data-element_type=\"column\">\n\t\t\t<div class=\"elementor-widget-wrap elementor-element-populated\">\n\t\t\t\t\t\t\t\t<div class=\"elementor-element elementor-element-3abb350 elementor-widget elementor-widget-image\" data-id=\"3abb350\" data-element_type=\"widget\" data-widget_type=\"image.default\">\n\t\t\t\t<div class=\"elementor-widget-container\">\n\t\t\t<style>\/*! elementor - v3.15.0 - 20-08-2023 *\/\n.elementor-widget-image{text-align:center}.elementor-widget-image a{display:inline-block}.elementor-widget-image a img[src$=\".svg\"]{width:48px}.elementor-widget-image img{vertical-align:middle;display:inline-block}<\/style>\t\t\t\t\t\t\t\t\t\t\t\t<img decoding=\"async\" loading=\"lazy\" width=\"768\" height=\"576\" src=\"https:\/\/istoproject.eu\/wp-content\/uploads\/2023\/11\/IMG-d2c61ac3bbab67bdf47fbc454731806b-V-768x576.jpg\" class=\"attachment-medium_large size-medium_large wp-image-470\" alt=\"\" srcset=\"https:\/\/istoproject.eu\/wp-content\/uploads\/2023\/11\/IMG-d2c61ac3bbab67bdf47fbc454731806b-V-768x576.jpg 768w, https:\/\/istoproject.eu\/wp-content\/uploads\/2023\/11\/IMG-d2c61ac3bbab67bdf47fbc454731806b-V-300x225.jpg 300w, https:\/\/istoproject.eu\/wp-content\/uploads\/2023\/11\/IMG-d2c61ac3bbab67bdf47fbc454731806b-V-1024x768.jpg 1024w, https:\/\/istoproject.eu\/wp-content\/uploads\/2023\/11\/IMG-d2c61ac3bbab67bdf47fbc454731806b-V-1536x1152.jpg 1536w, https:\/\/istoproject.eu\/wp-content\/uploads\/2023\/11\/IMG-d2c61ac3bbab67bdf47fbc454731806b-V-16x12.jpg 16w, https:\/\/istoproject.eu\/wp-content\/uploads\/2023\/11\/IMG-d2c61ac3bbab67bdf47fbc454731806b-V.jpg 1600w\" sizes=\"(max-width: 768px) 100vw, 768px\" \/>\t\t\t\t\t\t\t\t\t\t\t\t\t\t\t<\/div>\n\t\t\t\t<\/div>\n\t\t\t\t\t<\/div>\n\t\t<\/div>\n\t\t\t\t\t\t\t<\/div>\n\t\t<\/section>\n\t\t\t\t<section class=\"elementor-section elementor-top-section elementor-element elementor-element-e368a6b elementor-section-boxed elementor-section-height-default elementor-section-height-default\" data-id=\"e368a6b\" data-element_type=\"section\">\n\t\t\t\t\t\t<div class=\"elementor-container elementor-column-gap-default\">\n\t\t\t\t\t<div class=\"elementor-column elementor-col-100 elementor-top-column elementor-element elementor-element-125db35\" data-id=\"125db35\" data-element_type=\"column\">\n\t\t\t<div class=\"elementor-widget-wrap elementor-element-populated\">\n\t\t\t\t\t\t\t\t<div class=\"elementor-element elementor-element-71733f1 elementor-widget elementor-widget-text-editor\" data-id=\"71733f1\" data-element_type=\"widget\" data-widget_type=\"text-editor.default\">\n\t\t\t\t<div class=\"elementor-widget-container\">\n\t\t\t<style>\/*! elementor - v3.15.0 - 20-08-2023 *\/\n.elementor-widget-text-editor.elementor-drop-cap-view-stacked .elementor-drop-cap{background-color:#69727d;color:#fff}.elementor-widget-text-editor.elementor-drop-cap-view-framed .elementor-drop-cap{color:#69727d;border:3px solid;background-color:transparent}.elementor-widget-text-editor:not(.elementor-drop-cap-view-default) .elementor-drop-cap{margin-top:8px}.elementor-widget-text-editor:not(.elementor-drop-cap-view-default) .elementor-drop-cap-letter{width:1em;height:1em}.elementor-widget-text-editor .elementor-drop-cap{float:left;text-align:center;line-height:1;font-size:50px}.elementor-widget-text-editor .elementor-drop-cap-letter{display:inline-block}<\/style>\t\t\t\t<p>Rivensco Consulting Ltd. a organis\u00e9 un \u00e9v\u00e9nement multiplicateur \u00e0 Paphos, Chypre, ax\u00e9 sur l'am\u00e9lioration des comp\u00e9tences des enseignants afin de favoriser des actions durables et inclusives. Cet \u00e9v\u00e9nement \u00e9tait sp\u00e9cialement con\u00e7u pour 35 participants employ\u00e9s dans des \u00e9coles de tourisme, dont OPEI, DIONE et PCCI.<\/p><p>Les principaux objectifs de cet \u00e9v\u00e9nement important sont les suivants :<\/p><ol><li>Promouvoir l'int\u00e9gration des trois r\u00e9sultats du projet dans le secteur de l'enseignement scolaire.<\/li><li>Faciliter la transf\u00e9rabilit\u00e9 des pratiques r\u00e9ussies dans diff\u00e9rents secteurs, y compris l'enseignement et la formation professionnels (EFP).<\/li><li>Cultiver la durabilit\u00e9 du projet.<\/li><li>Sensibiliser aux m\u00e9thodologies \u00e9ducatives qui soutiennent les pratiques durables et inclusives dans le secteur du tourisme.<\/li><li>R\u00e9aliser une analyse approfondie des programmes, politiques et pratiques scolaires li\u00e9s \u00e0 la durabilit\u00e9 et \u00e0 l'inclusivit\u00e9 \u00e0 Chypre, dans le but de contribuer \u00e0 la r\u00e9flexion au niveau europ\u00e9en.<\/li><li>Donner aux enseignants les comp\u00e9tences n\u00e9cessaires pour d\u00e9fendre des actions durables et inclusives.<\/li><\/ol><p>L'\u00e9v\u00e9nement a eu lieu dans la ville pittoresque de Paphos, \u00e0 Chypre, et a marqu\u00e9 une \u00e9tape importante dans l'avancement des pratiques \u00e9ducatives pour un avenir plus durable et inclusif.<\/p>\t\t\t\t\t\t<\/div>\n\t\t\t\t<\/div>\n\t\t\t\t\t<\/div>\n\t\t<\/div>\n\t\t\t\t\t\t\t<\/div>\n\t\t<\/section>\n\t\t\t\t<section class=\"elementor-section elementor-top-section elementor-element elementor-element-58860ec elementor-section-boxed elementor-section-height-default elementor-section-height-default\" data-id=\"58860ec\" data-element_type=\"section\">\n\t\t\t\t\t\t<div class=\"elementor-container elementor-column-gap-default\">\n\t\t\t\t\t<div class=\"elementor-column elementor-col-100 elementor-top-column elementor-element elementor-element-e28ce4f\" data-id=\"e28ce4f\" data-element_type=\"column\">\n\t\t\t<div class=\"elementor-widget-wrap elementor-element-populated\">\n\t\t\t\t\t\t\t\t<div class=\"elementor-element elementor-element-023b63f elementor-align-center elementor-widget elementor-widget-button\" data-id=\"023b63f\" data-element_type=\"widget\" data-widget_type=\"button.default\">\n\t\t\t\t<div class=\"elementor-widget-container\">\n\t\t\t\t\t<div class=\"elementor-button-wrapper\">\n\t\t\t<a class=\"elementor-button elementor-button-link elementor-size-sm\" href=\"#\">\n\t\t\t\t\t\t<span class=\"elementor-button-content-wrapper\">\n\t\t\t\t\t\t<span class=\"elementor-button-text\">T\u00e9l\u00e9chargez la vid\u00e9o de l'\u00e9v\u00e9nement !<\/span>\n\t\t<\/span>\n\t\t\t\t\t<\/a>\n\t\t<\/div>\n\t\t\t\t<\/div>\n\t\t\t\t<\/div>\n\t\t\t\t\t<\/div>\n\t\t<\/div>\n\t\t\t\t\t\t\t<\/div>\n\t\t<\/section>\n\t\t\t\t\t\t\t<\/div>","protected":false},"excerpt":{"rendered":"<p>Rivensco Consulting Ltd. is hosted a multiplier event in Paphos, Cyprus, focusing on enhancing the competencies of school teachers to foster sustainable and inclusive actions. This event was specifically tailored for 35 participants employed in Tourism Schools, including OPEI, DIONE, and PCCI. [&hellip;]<\/p>","protected":false},"author":1,"featured_media":0,"parent":0,"menu_order":0,"comment_status":"closed","ping_status":"closed","template":"","meta":{"footnotes":""},"_links":{"self":[{"href":"https:\/\/istoproject.eu\/fr\/wp-json\/wp\/v2\/pages\/471"}],"collection":[{"href":"https:\/\/istoproject.eu\/fr\/wp-json\/wp\/v2\/pages"}],"about":[{"href":"https:\/\/istoproject.eu\/fr\/wp-json\/wp\/v2\/types\/page"}],"author":[{"embeddable":true,"href":"https:\/\/istoproject.eu\/fr\/wp-json\/wp\/v2\/users\/1"}],"replies":[{"embeddable":true,"href":"https:\/\/istoproject.eu\/fr\/wp-json\/wp\/v2\/comments?post=471"}],"version-history":[{"count":10,"href":"https:\/\/istoproject.eu\/fr\/wp-json\/wp\/v2\/pages\/471\/revisions"}],"predecessor-version":[{"id":490,"href":"https:\/\/istoproject.eu\/fr\/wp-json\/wp\/v2\/pages\/471\/revisions\/490"}],"wp:attachment":[{"href":"https:\/\/istoproject.eu\/fr\/wp-json\/wp\/v2\/media?parent=471"}],"curies":[{"name":"wp","href":"https:\/\/api.w.org\/{rel}","templated":true}]}}