{"id":491,"date":"2023-11-15T10:29:37","date_gmt":"2023-11-15T10:29:37","guid":{"rendered":"https:\/\/istoproject.eu\/?page_id=491"},"modified":"2023-11-15T10:32:02","modified_gmt":"2023-11-15T10:32:02","slug":"syllogos-ekpaidefsis-kai-anaptixis-atomon-me-idikes-angkes-multiplier-event","status":"publish","type":"page","link":"https:\/\/istoproject.eu\/fr\/syllogos-ekpaidefsis-kai-anaptixis-atomon-me-idikes-angkes-multiplier-event\/","title":{"rendered":"SYLLOGOS EKPAIDEFSIS KAI ANAPTIXIS ATOMON ME IDIKES ANGKES &#8211; Multiplier Event"},"content":{"rendered":"<div data-elementor-type=\"wp-page\" data-elementor-id=\"491\" class=\"elementor elementor-491\">\n\t\t\t\t\t\t\t\t\t<section class=\"elementor-section elementor-top-section elementor-element elementor-element-aebffe7 elementor-section-boxed elementor-section-height-default elementor-section-height-default\" data-id=\"aebffe7\" data-element_type=\"section\">\n\t\t\t\t\t\t<div class=\"elementor-container elementor-column-gap-default\">\n\t\t\t\t\t<div class=\"elementor-column elementor-col-100 elementor-top-column elementor-element elementor-element-5e6eb33\" data-id=\"5e6eb33\" data-element_type=\"column\">\n\t\t\t<div class=\"elementor-widget-wrap elementor-element-populated\">\n\t\t\t\t\t\t\t\t<div class=\"elementor-element elementor-element-a0c7fdc elementor-widget elementor-widget-text-editor\" data-id=\"a0c7fdc\" data-element_type=\"widget\" data-widget_type=\"text-editor.default\">\n\t\t\t\t<div class=\"elementor-widget-container\">\n\t\t\t<style>\/*! elementor - v3.15.0 - 20-08-2023 *\/\n.elementor-widget-text-editor.elementor-drop-cap-view-stacked .elementor-drop-cap{background-color:#69727d;color:#fff}.elementor-widget-text-editor.elementor-drop-cap-view-framed .elementor-drop-cap{color:#69727d;border:3px solid;background-color:transparent}.elementor-widget-text-editor:not(.elementor-drop-cap-view-default) .elementor-drop-cap{margin-top:8px}.elementor-widget-text-editor:not(.elementor-drop-cap-view-default) .elementor-drop-cap-letter{width:1em;height:1em}.elementor-widget-text-editor .elementor-drop-cap{float:left;text-align:center;line-height:1;font-size:50px}.elementor-widget-text-editor .elementor-drop-cap-letter{display:inline-block}<\/style>\t\t\t\t<p>\u00c0 Kavala, en Gr\u00e8ce, s'est tenu un \u00e9v\u00e9nement organis\u00e9 par l'ASEDDEDIPE, ax\u00e9 sur \"l'inclusion sociale dans les \u00e9coles h\u00f4teli\u00e8res pour favoriser l'emploi des \u00e9tudiants handicap\u00e9s dans le secteur de l'h\u00f4tellerie et de la restauration\". Avec une audience cibl\u00e9e de 27 participants locaux et 18 participants virtuels, l'\u00e9v\u00e9nement a rassembl\u00e9 un large \u00e9ventail de professionnels, y compris des professeurs d'enseignement professionnel, des professeurs d'enseignement professionnel sp\u00e9cialis\u00e9, des centres professionnels, des \u00e9tudiants HoReCa, des ONG de personnes handicap\u00e9es, des associations professionnelles et des employ\u00e9s du secteur HoReCa.<\/p><p>Les objectifs de cet \u00e9v\u00e9nement \u00e0 effet multiplicateur \u00e9taient les suivants :<\/p><ol><li>Promouvoir l'adoption de trois r\u00e9sultats du projet dans le secteur de l'enseignement scolaire.<\/li><li>Faciliter la transf\u00e9rabilit\u00e9 des pratiques r\u00e9ussies dans diff\u00e9rents secteurs, y compris l'enseignement et la formation professionnels (EFP).<\/li><li>Assurer la durabilit\u00e9 du projet pour un impact \u00e0 long terme.<\/li><li>Raising awareness about educational strategies that foster sustainable and inclusive practices in the dynamic field of tourism.<\/li><li>R\u00e9alisation d'une analyse d\u00e9taill\u00e9e des programmes, politiques et pratiques scolaires li\u00e9s \u00e0 la durabilit\u00e9 et \u00e0 l'inclusion \u00e0 Kavala, en Gr\u00e8ce, dans le but d'apporter des \u00e9l\u00e9ments de r\u00e9flexion au niveau europ\u00e9en.<\/li><li>Plaidoyer pour l'inclusion sociale dans les \u00e9coles h\u00f4teli\u00e8res afin d'am\u00e9liorer les possibilit\u00e9s d'emploi des \u00e9tudiants handicap\u00e9s dans le secteur de l'h\u00f4tellerie et de la restauration.<\/li><\/ol><p>L'\u00e9v\u00e9nement s'est d\u00e9roul\u00e9 \u00e0 Kavala, en Gr\u00e8ce, cr\u00e9ant ainsi une plateforme permettant aux participants de s'engager dans la mission et l'objectif du projet. Apr\u00e8s l'\u00e9v\u00e9nement, les participants ont activement recherch\u00e9 des informations sur les objectifs du projet, son public cible et les pistes \u00e0 explorer.<\/p><p>En conclusion, l'\u00e9v\u00e9nement a \u00e9t\u00e9 jug\u00e9 tr\u00e8s r\u00e9ussi, car il a facilit\u00e9 l'engagement direct avec des groupes cibles cl\u00e9s. Les participants sont apparus comme des multiplicateurs cruciaux, pr\u00eats \u00e0 diffuser le travail pr\u00e9cieux du projet. L'ASEDDEDIPE se r\u00e9jouit de l'impact positif de cet \u00e9v\u00e9nement, confiant dans l'effet qu'il aura sur l'avancement de l'inclusion sociale et des opportunit\u00e9s d'emploi pour les \u00e9tudiants handicap\u00e9s dans le secteur dynamique de l'HoReCa.<\/p>\t\t\t\t\t\t<\/div>\n\t\t\t\t<\/div>\n\t\t\t\t\t<\/div>\n\t\t<\/div>\n\t\t\t\t\t\t\t<\/div>\n\t\t<\/section>\n\t\t\t\t<section class=\"elementor-section elementor-top-section elementor-element elementor-element-20f7d63 elementor-section-boxed elementor-section-height-default elementor-section-height-default\" data-id=\"20f7d63\" data-element_type=\"section\">\n\t\t\t\t\t\t<div class=\"elementor-container elementor-column-gap-default\">\n\t\t\t\t\t<div class=\"elementor-column elementor-col-100 elementor-top-column elementor-element elementor-element-f8268c1\" data-id=\"f8268c1\" data-element_type=\"column\">\n\t\t\t<div class=\"elementor-widget-wrap elementor-element-populated\">\n\t\t\t\t\t\t\t\t<div class=\"elementor-element elementor-element-1901632 elementor-align-center elementor-widget elementor-widget-button\" data-id=\"1901632\" data-element_type=\"widget\" data-widget_type=\"button.default\">\n\t\t\t\t<div class=\"elementor-widget-container\">\n\t\t\t\t\t<div class=\"elementor-button-wrapper\">\n\t\t\t<a class=\"elementor-button elementor-button-link elementor-size-sm\" href=\"#\">\n\t\t\t\t\t\t<span class=\"elementor-button-content-wrapper\">\n\t\t\t\t\t\t<span class=\"elementor-button-text\">T\u00e9l\u00e9chargez la vid\u00e9o de l'\u00e9v\u00e9nement !<\/span>\n\t\t<\/span>\n\t\t\t\t\t<\/a>\n\t\t<\/div>\n\t\t\t\t<\/div>\n\t\t\t\t<\/div>\n\t\t\t\t\t<\/div>\n\t\t<\/div>\n\t\t\t\t\t\t\t<\/div>\n\t\t<\/section>\n\t\t\t\t\t\t\t<\/div>","protected":false},"excerpt":{"rendered":"<p>In Kavala, Greece, was held a multiplier event hosted by ASEDDEDIPE, focusing on &#8216;Social Inclusion in Hotel Schools for Favoring the Employment of Students with Disabilities in the HoReCa Sector.&#8217; With a targeted audience of 27 local and 18 virtual participants, the [&hellip;]<\/p>","protected":false},"author":1,"featured_media":0,"parent":0,"menu_order":0,"comment_status":"closed","ping_status":"closed","template":"","meta":{"footnotes":""},"_links":{"self":[{"href":"https:\/\/istoproject.eu\/fr\/wp-json\/wp\/v2\/pages\/491"}],"collection":[{"href":"https:\/\/istoproject.eu\/fr\/wp-json\/wp\/v2\/pages"}],"about":[{"href":"https:\/\/istoproject.eu\/fr\/wp-json\/wp\/v2\/types\/page"}],"author":[{"embeddable":true,"href":"https:\/\/istoproject.eu\/fr\/wp-json\/wp\/v2\/users\/1"}],"replies":[{"embeddable":true,"href":"https:\/\/istoproject.eu\/fr\/wp-json\/wp\/v2\/comments?post=491"}],"version-history":[{"count":7,"href":"https:\/\/istoproject.eu\/fr\/wp-json\/wp\/v2\/pages\/491\/revisions"}],"predecessor-version":[{"id":499,"href":"https:\/\/istoproject.eu\/fr\/wp-json\/wp\/v2\/pages\/491\/revisions\/499"}],"wp:attachment":[{"href":"https:\/\/istoproject.eu\/fr\/wp-json\/wp\/v2\/media?parent=491"}],"curies":[{"name":"wp","href":"https:\/\/api.w.org\/{rel}","templated":true}]}}