{"id":519,"date":"2023-11-15T13:14:29","date_gmt":"2023-11-15T13:14:29","guid":{"rendered":"https:\/\/istoproject.eu\/?page_id=519"},"modified":"2023-11-15T13:28:08","modified_gmt":"2023-11-15T13:28:08","slug":"acelera-labs-multiplier-event","status":"publish","type":"page","link":"https:\/\/istoproject.eu\/fr\/acelera-labs-multiplier-event\/","title":{"rendered":"Acelera Labs &#8211; Multiplier Event"},"content":{"rendered":"<div data-elementor-type=\"wp-page\" data-elementor-id=\"519\" class=\"elementor elementor-519\">\n\t\t\t\t\t\t\t\t\t<section class=\"elementor-section elementor-top-section elementor-element elementor-element-4a6e055 elementor-section-boxed elementor-section-height-default elementor-section-height-default\" data-id=\"4a6e055\" data-element_type=\"section\">\n\t\t\t\t\t\t<div class=\"elementor-container elementor-column-gap-default\">\n\t\t\t\t\t<div class=\"elementor-column elementor-col-100 elementor-top-column elementor-element elementor-element-18a174a\" data-id=\"18a174a\" data-element_type=\"column\">\n\t\t\t<div class=\"elementor-widget-wrap elementor-element-populated\">\n\t\t\t\t\t\t\t\t<div class=\"elementor-element elementor-element-39fd52b elementor-widget elementor-widget-text-editor\" data-id=\"39fd52b\" data-element_type=\"widget\" data-widget_type=\"text-editor.default\">\n\t\t\t\t<div class=\"elementor-widget-container\">\n\t\t\t<style>\/*! elementor - v3.15.0 - 20-08-2023 *\/\n.elementor-widget-text-editor.elementor-drop-cap-view-stacked .elementor-drop-cap{background-color:#69727d;color:#fff}.elementor-widget-text-editor.elementor-drop-cap-view-framed .elementor-drop-cap{color:#69727d;border:3px solid;background-color:transparent}.elementor-widget-text-editor:not(.elementor-drop-cap-view-default) .elementor-drop-cap{margin-top:8px}.elementor-widget-text-editor:not(.elementor-drop-cap-view-default) .elementor-drop-cap-letter{width:1em;height:1em}.elementor-widget-text-editor .elementor-drop-cap{float:left;text-align:center;line-height:1;font-size:50px}.elementor-widget-text-editor .elementor-drop-cap-letter{display:inline-block}<\/style>\t\t\t\t<p>Acelera Labs a organis\u00e9 un \u00e9v\u00e9nement passionnant d'une journ\u00e9e qui promet de r\u00e9volutionner la communication visuelle dans le domaine du tourisme \u00e9cologique, des objectifs durables et de l'inclusion dans le cadre de l'enseignement scolaire. Cet \u00e9v\u00e9nement a eu lieu dans la ville de Madrid.<\/p><p><strong>Objectifs de l'\u00e9v\u00e9nement :<\/strong><\/p><ol><li><strong>Promouvoir l'adoption dans les \u00e9coles :<\/strong> Faire conna\u00eetre trois r\u00e9sultats de projets dans le secteur de l'enseignement scolaire.<\/li><li><strong>Partager les bonnes pratiques :<\/strong> Veiller \u00e0 ce que les bonnes id\u00e9es fonctionnent non seulement dans les \u00e9coles, mais aussi dans d'autres domaines, notamment l'enseignement et la formation professionnels (EFP).<\/li><li><strong>Assurer la durabilit\u00e9 du projet :<\/strong> Faire en sorte que le projet reste solide et efficace \u00e0 long terme.<\/li><li><strong>Sensibilisation :<\/strong> Faire la lumi\u00e8re sur les m\u00e9thodes \u00e9ducatives qui favorisent les pratiques durables et inclusives dans le domaine dynamique du tourisme.<\/li><li><strong>Analyser les programmes scolaires en Espagne :<\/strong> Plongez dans les programmes scolaires, les politiques et les pratiques li\u00e9es \u00e0 la durabilit\u00e9 et \u00e0 l'inclusion en Espagne, dans le but de contribuer \u00e0 la r\u00e9flexion au niveau europ\u00e9en.<\/li><li><strong>Promouvoir la communication visuelle pour des objectifs \u00e9thiques :<\/strong> Encourager l'utilisation appropri\u00e9e de la communication visuelle pour atteindre des objectifs \u00e9thiques.<\/li><\/ol><p><strong>Identit\u00e9 visuelle :<\/strong><\/p><p>L'identit\u00e9 visuelle du projet commence par son logo, une repr\u00e9sentation graphique de l'essence du projet. Le logo comporte des symboles et des couleurs qui correspondent au contenu et \u00e0 la mission du projet :<\/p><ul><li><strong>Feuilles :<\/strong> Repr\u00e9sentation du concept de nature et de durabilit\u00e9.<\/li><li><strong>Valise :<\/strong> Symboliser le tourisme.<\/li><li><strong>Palette de couleurs vertes :<\/strong> Un clin d'\u0153il \u00e0 la transition verte et aux diff\u00e9rentes nuances de vert.<\/li><li><strong>Police simple en bleu :<\/strong> Assurer la clart\u00e9 et la lisibilit\u00e9.<\/li><\/ul><p>La conception du site web va dans le m\u00eame sens, en privil\u00e9giant une navigation facile et inclusive, avec une mise en page qui refl\u00e8te la palette de couleurs du logo et transmet l'\u00e2me du projet par le biais de la gamification.<\/p><p><strong>Conception de jeux :<\/strong><\/p><p>Pour la conception du jeu, l'accent a \u00e9t\u00e9 mis sur la cr\u00e9ation d'une application l\u00e9g\u00e8re et utilisable, qui reste conviviale m\u00eame sur les appareils les moins avanc\u00e9s. Un design minimaliste et color\u00e9 avec une vue frontale en 2D de l'h\u00f4tel permet aux utilisateurs d'identifier facilement les diff\u00e9rents \u00e9l\u00e9ments et d'interagir avec eux. Des ic\u00f4nes reconnaissables v\u00e9hiculent des concepts clairs :<\/p><ul><li><strong>Pi\u00e8ce de monnaie :<\/strong> Repr\u00e9sente l'argent.<\/li><li><strong>Le pouce en l'air :<\/strong> Indique la satisfaction du client.<\/li><li><strong>Usine \u00e9mettant de la fum\u00e9e :<\/strong> Signifie un impact sur l'environnement.<\/li><li><strong>Lit avec symbole Euro :<\/strong> Repr\u00e9sente le prix des chambres.<\/li><\/ul><p>Cette approche innovante de la communication visuelle est sur le point de transformer la mani\u00e8re dont nous abordons le tourisme \u00e9cologique, les objectifs durables et l'int\u00e9gration dans les \u00e9tablissements d'enseignement scolaire.\u00a0<\/p>\t\t\t\t\t\t<\/div>\n\t\t\t\t<\/div>\n\t\t\t\t\t<\/div>\n\t\t<\/div>\n\t\t\t\t\t\t\t<\/div>\n\t\t<\/section>\n\t\t\t\t\t\t\t<\/div>","protected":false},"excerpt":{"rendered":"<p>Acelera Labs organized an exciting one-day event that promises to revolutionize visual communication in the realm of ecological tourism, sustainable goals, and inclusion within school education settings. This event took place in the city of Madrid. Goals of the Event: Promote Adoption [&hellip;]<\/p>","protected":false},"author":1,"featured_media":0,"parent":0,"menu_order":0,"comment_status":"closed","ping_status":"closed","template":"","meta":{"footnotes":""},"_links":{"self":[{"href":"https:\/\/istoproject.eu\/fr\/wp-json\/wp\/v2\/pages\/519"}],"collection":[{"href":"https:\/\/istoproject.eu\/fr\/wp-json\/wp\/v2\/pages"}],"about":[{"href":"https:\/\/istoproject.eu\/fr\/wp-json\/wp\/v2\/types\/page"}],"author":[{"embeddable":true,"href":"https:\/\/istoproject.eu\/fr\/wp-json\/wp\/v2\/users\/1"}],"replies":[{"embeddable":true,"href":"https:\/\/istoproject.eu\/fr\/wp-json\/wp\/v2\/comments?post=519"}],"version-history":[{"count":4,"href":"https:\/\/istoproject.eu\/fr\/wp-json\/wp\/v2\/pages\/519\/revisions"}],"predecessor-version":[{"id":531,"href":"https:\/\/istoproject.eu\/fr\/wp-json\/wp\/v2\/pages\/519\/revisions\/531"}],"wp:attachment":[{"href":"https:\/\/istoproject.eu\/fr\/wp-json\/wp\/v2\/media?parent=519"}],"curies":[{"name":"wp","href":"https:\/\/api.w.org\/{rel}","templated":true}]}}