{"id":471,"date":"2023-11-15T09:35:45","date_gmt":"2023-11-15T09:35:45","guid":{"rendered":"https:\/\/istoproject.eu\/?page_id=471"},"modified":"2023-11-15T10:25:11","modified_gmt":"2023-11-15T10:25:11","slug":"rivensco-consulting-ltd-multiplier-event","status":"publish","type":"page","link":"https:\/\/istoproject.eu\/it\/rivensco-consulting-ltd-multiplier-event\/","title":{"rendered":"Rivensco Consulting LTD &#8211; Multiplier Event"},"content":{"rendered":"<div data-elementor-type=\"wp-page\" data-elementor-id=\"471\" class=\"elementor elementor-471\">\n\t\t\t\t\t\t\t\t\t<section class=\"elementor-section elementor-top-section elementor-element elementor-element-2d4176f elementor-section-boxed elementor-section-height-default elementor-section-height-default\" data-id=\"2d4176f\" data-element_type=\"section\">\n\t\t\t\t\t\t<div class=\"elementor-container elementor-column-gap-default\">\n\t\t\t\t\t<div class=\"elementor-column elementor-col-100 elementor-top-column elementor-element elementor-element-21b222e\" data-id=\"21b222e\" data-element_type=\"column\">\n\t\t\t<div class=\"elementor-widget-wrap elementor-element-populated\">\n\t\t\t\t\t\t\t\t<div class=\"elementor-element elementor-element-3abb350 elementor-widget elementor-widget-image\" data-id=\"3abb350\" data-element_type=\"widget\" data-widget_type=\"image.default\">\n\t\t\t\t<div class=\"elementor-widget-container\">\n\t\t\t<style>\/*! elementor - v3.15.0 - 20-08-2023 *\/\n.elementor-widget-image{text-align:center}.elementor-widget-image a{display:inline-block}.elementor-widget-image a img[src$=\".svg\"]{width:48px}.elementor-widget-image img{vertical-align:middle;display:inline-block}<\/style>\t\t\t\t\t\t\t\t\t\t\t\t<img decoding=\"async\" loading=\"lazy\" width=\"768\" height=\"576\" src=\"https:\/\/istoproject.eu\/wp-content\/uploads\/2023\/11\/IMG-d2c61ac3bbab67bdf47fbc454731806b-V-768x576.jpg\" class=\"attachment-medium_large size-medium_large wp-image-470\" alt=\"\" srcset=\"https:\/\/istoproject.eu\/wp-content\/uploads\/2023\/11\/IMG-d2c61ac3bbab67bdf47fbc454731806b-V-768x576.jpg 768w, https:\/\/istoproject.eu\/wp-content\/uploads\/2023\/11\/IMG-d2c61ac3bbab67bdf47fbc454731806b-V-300x225.jpg 300w, https:\/\/istoproject.eu\/wp-content\/uploads\/2023\/11\/IMG-d2c61ac3bbab67bdf47fbc454731806b-V-1024x768.jpg 1024w, https:\/\/istoproject.eu\/wp-content\/uploads\/2023\/11\/IMG-d2c61ac3bbab67bdf47fbc454731806b-V-1536x1152.jpg 1536w, https:\/\/istoproject.eu\/wp-content\/uploads\/2023\/11\/IMG-d2c61ac3bbab67bdf47fbc454731806b-V-16x12.jpg 16w, https:\/\/istoproject.eu\/wp-content\/uploads\/2023\/11\/IMG-d2c61ac3bbab67bdf47fbc454731806b-V.jpg 1600w\" sizes=\"(max-width: 768px) 100vw, 768px\" \/>\t\t\t\t\t\t\t\t\t\t\t\t\t\t\t<\/div>\n\t\t\t\t<\/div>\n\t\t\t\t\t<\/div>\n\t\t<\/div>\n\t\t\t\t\t\t\t<\/div>\n\t\t<\/section>\n\t\t\t\t<section class=\"elementor-section elementor-top-section elementor-element elementor-element-e368a6b elementor-section-boxed elementor-section-height-default elementor-section-height-default\" data-id=\"e368a6b\" data-element_type=\"section\">\n\t\t\t\t\t\t<div class=\"elementor-container elementor-column-gap-default\">\n\t\t\t\t\t<div class=\"elementor-column elementor-col-100 elementor-top-column elementor-element elementor-element-125db35\" data-id=\"125db35\" data-element_type=\"column\">\n\t\t\t<div class=\"elementor-widget-wrap elementor-element-populated\">\n\t\t\t\t\t\t\t\t<div class=\"elementor-element elementor-element-71733f1 elementor-widget elementor-widget-text-editor\" data-id=\"71733f1\" data-element_type=\"widget\" data-widget_type=\"text-editor.default\">\n\t\t\t\t<div class=\"elementor-widget-container\">\n\t\t\t<style>\/*! elementor - v3.15.0 - 20-08-2023 *\/\n.elementor-widget-text-editor.elementor-drop-cap-view-stacked .elementor-drop-cap{background-color:#69727d;color:#fff}.elementor-widget-text-editor.elementor-drop-cap-view-framed .elementor-drop-cap{color:#69727d;border:3px solid;background-color:transparent}.elementor-widget-text-editor:not(.elementor-drop-cap-view-default) .elementor-drop-cap{margin-top:8px}.elementor-widget-text-editor:not(.elementor-drop-cap-view-default) .elementor-drop-cap-letter{width:1em;height:1em}.elementor-widget-text-editor .elementor-drop-cap{float:left;text-align:center;line-height:1;font-size:50px}.elementor-widget-text-editor .elementor-drop-cap-letter{display:inline-block}<\/style>\t\t\t\t<p>Rivensco Consulting Ltd. ha ospitato un evento moltiplicatore a Paphos, Cipro, incentrato sul miglioramento delle competenze degli insegnanti delle scuole per promuovere azioni sostenibili e inclusive. L'evento \u00e8 stato specificamente concepito per 35 partecipanti impiegati nelle scuole di turismo, tra cui OPEI, DIONE e PCCI.<\/p><p>Gli obiettivi principali di questo importante evento sono:<\/p><ol><li>Promuovere l'integrazione dei tre risultati del progetto nel settore dell'istruzione scolastica.<\/li><li>Facilitare la trasferibilit\u00e0 delle pratiche di successo in vari settori, tra cui l'istruzione e la formazione professionale (IFP).<\/li><li>Coltivare la sostenibilit\u00e0 del progetto.<\/li><li>Aumentare la consapevolezza delle metodologie educative che supportano pratiche sostenibili e inclusive nel settore del turismo.<\/li><li>Condurre un'analisi approfondita dei programmi, delle politiche e delle pratiche scolastiche relative alla sostenibilit\u00e0 e all'inclusivit\u00e0 a Cipro, con l'obiettivo di contribuire alle riflessioni a livello europeo.<\/li><li>Dare agli insegnanti le competenze necessarie per promuovere azioni sostenibili e inclusive.<\/li><\/ol><p>L'evento si \u00e8 svolto nella pittoresca citt\u00e0 di Paphos, a Cipro, segnando una tappa significativa nel progresso delle pratiche educative per un futuro pi\u00f9 sostenibile e inclusivo.<\/p>\t\t\t\t\t\t<\/div>\n\t\t\t\t<\/div>\n\t\t\t\t\t<\/div>\n\t\t<\/div>\n\t\t\t\t\t\t\t<\/div>\n\t\t<\/section>\n\t\t\t\t<section class=\"elementor-section elementor-top-section elementor-element elementor-element-58860ec elementor-section-boxed elementor-section-height-default elementor-section-height-default\" data-id=\"58860ec\" data-element_type=\"section\">\n\t\t\t\t\t\t<div class=\"elementor-container elementor-column-gap-default\">\n\t\t\t\t\t<div class=\"elementor-column elementor-col-100 elementor-top-column elementor-element elementor-element-e28ce4f\" data-id=\"e28ce4f\" data-element_type=\"column\">\n\t\t\t<div class=\"elementor-widget-wrap elementor-element-populated\">\n\t\t\t\t\t\t\t\t<div class=\"elementor-element elementor-element-023b63f elementor-align-center elementor-widget elementor-widget-button\" data-id=\"023b63f\" data-element_type=\"widget\" data-widget_type=\"button.default\">\n\t\t\t\t<div class=\"elementor-widget-container\">\n\t\t\t\t\t<div class=\"elementor-button-wrapper\">\n\t\t\t<a class=\"elementor-button elementor-button-link elementor-size-sm\" href=\"#\">\n\t\t\t\t\t\t<span class=\"elementor-button-content-wrapper\">\n\t\t\t\t\t\t<span class=\"elementor-button-text\">Scarica il video dell'evento!<\/span>\n\t\t<\/span>\n\t\t\t\t\t<\/a>\n\t\t<\/div>\n\t\t\t\t<\/div>\n\t\t\t\t<\/div>\n\t\t\t\t\t<\/div>\n\t\t<\/div>\n\t\t\t\t\t\t\t<\/div>\n\t\t<\/section>\n\t\t\t\t\t\t\t<\/div>","protected":false},"excerpt":{"rendered":"<p>Rivensco Consulting Ltd. is hosted a multiplier event in Paphos, Cyprus, focusing on enhancing the competencies of school teachers to foster sustainable and inclusive actions. This event was specifically tailored for 35 participants employed in Tourism Schools, including OPEI, DIONE, and PCCI. [&hellip;]<\/p>","protected":false},"author":1,"featured_media":0,"parent":0,"menu_order":0,"comment_status":"closed","ping_status":"closed","template":"","meta":{"footnotes":""},"_links":{"self":[{"href":"https:\/\/istoproject.eu\/it\/wp-json\/wp\/v2\/pages\/471"}],"collection":[{"href":"https:\/\/istoproject.eu\/it\/wp-json\/wp\/v2\/pages"}],"about":[{"href":"https:\/\/istoproject.eu\/it\/wp-json\/wp\/v2\/types\/page"}],"author":[{"embeddable":true,"href":"https:\/\/istoproject.eu\/it\/wp-json\/wp\/v2\/users\/1"}],"replies":[{"embeddable":true,"href":"https:\/\/istoproject.eu\/it\/wp-json\/wp\/v2\/comments?post=471"}],"version-history":[{"count":10,"href":"https:\/\/istoproject.eu\/it\/wp-json\/wp\/v2\/pages\/471\/revisions"}],"predecessor-version":[{"id":490,"href":"https:\/\/istoproject.eu\/it\/wp-json\/wp\/v2\/pages\/471\/revisions\/490"}],"wp:attachment":[{"href":"https:\/\/istoproject.eu\/it\/wp-json\/wp\/v2\/media?parent=471"}],"curies":[{"name":"wp","href":"https:\/\/api.w.org\/{rel}","templated":true}]}}