{"id":491,"date":"2023-11-15T10:29:37","date_gmt":"2023-11-15T10:29:37","guid":{"rendered":"https:\/\/istoproject.eu\/?page_id=491"},"modified":"2023-11-15T10:32:02","modified_gmt":"2023-11-15T10:32:02","slug":"syllogos-ekpaidefsis-kai-anaptixis-atomon-me-idikes-angkes-multiplier-event","status":"publish","type":"page","link":"https:\/\/istoproject.eu\/it\/syllogos-ekpaidefsis-kai-anaptixis-atomon-me-idikes-angkes-multiplier-event\/","title":{"rendered":"SYLLOGOS EKPAIDEFSIS KAI ANAPTIXIS ATOMON ME IDIKES ANGKES &#8211; Multiplier Event"},"content":{"rendered":"<div data-elementor-type=\"wp-page\" data-elementor-id=\"491\" class=\"elementor elementor-491\">\n\t\t\t\t\t\t\t\t\t<section class=\"elementor-section elementor-top-section elementor-element elementor-element-aebffe7 elementor-section-boxed elementor-section-height-default elementor-section-height-default\" data-id=\"aebffe7\" data-element_type=\"section\">\n\t\t\t\t\t\t<div class=\"elementor-container elementor-column-gap-default\">\n\t\t\t\t\t<div class=\"elementor-column elementor-col-100 elementor-top-column elementor-element elementor-element-5e6eb33\" data-id=\"5e6eb33\" data-element_type=\"column\">\n\t\t\t<div class=\"elementor-widget-wrap elementor-element-populated\">\n\t\t\t\t\t\t\t\t<div class=\"elementor-element elementor-element-a0c7fdc elementor-widget elementor-widget-text-editor\" data-id=\"a0c7fdc\" data-element_type=\"widget\" data-widget_type=\"text-editor.default\">\n\t\t\t\t<div class=\"elementor-widget-container\">\n\t\t\t<style>\/*! elementor - v3.15.0 - 20-08-2023 *\/\n.elementor-widget-text-editor.elementor-drop-cap-view-stacked .elementor-drop-cap{background-color:#69727d;color:#fff}.elementor-widget-text-editor.elementor-drop-cap-view-framed .elementor-drop-cap{color:#69727d;border:3px solid;background-color:transparent}.elementor-widget-text-editor:not(.elementor-drop-cap-view-default) .elementor-drop-cap{margin-top:8px}.elementor-widget-text-editor:not(.elementor-drop-cap-view-default) .elementor-drop-cap-letter{width:1em;height:1em}.elementor-widget-text-editor .elementor-drop-cap{float:left;text-align:center;line-height:1;font-size:50px}.elementor-widget-text-editor .elementor-drop-cap-letter{display:inline-block}<\/style>\t\t\t\t<p>A Kavala, in Grecia, si \u00e8 tenuto un evento ospitato da ASEDDEDIPE, incentrato su \"L'inclusione sociale nelle scuole alberghiere per favorire l'occupazione degli studenti disabili nel settore HoReCa\". Con un pubblico mirato di 27 partecipanti locali e 18 virtuali, l'evento ha riunito una serie di professionisti, tra cui insegnanti di educazione professionale, insegnanti di educazione professionale speciale, centri professionali, studenti HoReCa, ONG disabili, associazioni professionali e dipendenti del settore HoReCa.<\/p><p>Gli obiettivi di questo evento moltiplicatore erano:<\/p><ol><li>Promuovere l'adozione dei tre risultati del progetto nel settore dell'istruzione scolastica.<\/li><li>Facilitare la trasferibilit\u00e0 delle pratiche di successo in vari settori, tra cui l'istruzione e la formazione professionale (IFP).<\/li><li>Garantire la sostenibilit\u00e0 del progetto per un impatto a lungo termine.<\/li><li>Raising awareness about educational strategies that foster sustainable and inclusive practices in the dynamic field of tourism.<\/li><li>Conduzione di un'analisi dettagliata dei programmi scolastici, delle politiche e delle pratiche relative alla sostenibilit\u00e0 e all'inclusivit\u00e0 a Kavala, in Grecia, con l'intento di contribuire alle intuizioni a livello europeo.<\/li><li>Promuovere l'inclusione sociale nelle scuole alberghiere per migliorare le opportunit\u00e0 di lavoro degli studenti con disabilit\u00e0 nel settore HoReCa.<\/li><\/ol><p>L'evento si \u00e8 svolto a Kavala, in Grecia, creando una piattaforma che ha permesso ai partecipanti di confrontarsi con la missione e lo scopo del progetto. Dopo l'evento, i partecipanti hanno cercato attivamente informazioni sugli obiettivi del progetto, sui destinatari e sulle possibilit\u00e0 di approfondimento.<\/p><p>In conclusione, l'evento \u00e8 stato giudicato di grande successo, in quanto ha facilitato l'impegno diretto con i principali gruppi target. I partecipanti sono emersi come moltiplicatori cruciali, pronti a diffondere il prezioso lavoro del progetto. ASEDDEDIPE celebra l'impatto positivo di questo evento, fiduciosa dell'effetto che produrr\u00e0 nel promuovere l'inclusione sociale e le opportunit\u00e0 di lavoro per gli studenti con disabilit\u00e0 nel dinamico settore HoReCa.<\/p>\t\t\t\t\t\t<\/div>\n\t\t\t\t<\/div>\n\t\t\t\t\t<\/div>\n\t\t<\/div>\n\t\t\t\t\t\t\t<\/div>\n\t\t<\/section>\n\t\t\t\t<section class=\"elementor-section elementor-top-section elementor-element elementor-element-20f7d63 elementor-section-boxed elementor-section-height-default elementor-section-height-default\" data-id=\"20f7d63\" data-element_type=\"section\">\n\t\t\t\t\t\t<div class=\"elementor-container elementor-column-gap-default\">\n\t\t\t\t\t<div class=\"elementor-column elementor-col-100 elementor-top-column elementor-element elementor-element-f8268c1\" data-id=\"f8268c1\" data-element_type=\"column\">\n\t\t\t<div class=\"elementor-widget-wrap elementor-element-populated\">\n\t\t\t\t\t\t\t\t<div class=\"elementor-element elementor-element-1901632 elementor-align-center elementor-widget elementor-widget-button\" data-id=\"1901632\" data-element_type=\"widget\" data-widget_type=\"button.default\">\n\t\t\t\t<div class=\"elementor-widget-container\">\n\t\t\t\t\t<div class=\"elementor-button-wrapper\">\n\t\t\t<a class=\"elementor-button elementor-button-link elementor-size-sm\" href=\"#\">\n\t\t\t\t\t\t<span class=\"elementor-button-content-wrapper\">\n\t\t\t\t\t\t<span class=\"elementor-button-text\">Scarica il video dell'evento!<\/span>\n\t\t<\/span>\n\t\t\t\t\t<\/a>\n\t\t<\/div>\n\t\t\t\t<\/div>\n\t\t\t\t<\/div>\n\t\t\t\t\t<\/div>\n\t\t<\/div>\n\t\t\t\t\t\t\t<\/div>\n\t\t<\/section>\n\t\t\t\t\t\t\t<\/div>","protected":false},"excerpt":{"rendered":"<p>In Kavala, Greece, was held a multiplier event hosted by ASEDDEDIPE, focusing on &#8216;Social Inclusion in Hotel Schools for Favoring the Employment of Students with Disabilities in the HoReCa Sector.&#8217; With a targeted audience of 27 local and 18 virtual participants, the [&hellip;]<\/p>","protected":false},"author":1,"featured_media":0,"parent":0,"menu_order":0,"comment_status":"closed","ping_status":"closed","template":"","meta":{"footnotes":""},"_links":{"self":[{"href":"https:\/\/istoproject.eu\/it\/wp-json\/wp\/v2\/pages\/491"}],"collection":[{"href":"https:\/\/istoproject.eu\/it\/wp-json\/wp\/v2\/pages"}],"about":[{"href":"https:\/\/istoproject.eu\/it\/wp-json\/wp\/v2\/types\/page"}],"author":[{"embeddable":true,"href":"https:\/\/istoproject.eu\/it\/wp-json\/wp\/v2\/users\/1"}],"replies":[{"embeddable":true,"href":"https:\/\/istoproject.eu\/it\/wp-json\/wp\/v2\/comments?post=491"}],"version-history":[{"count":7,"href":"https:\/\/istoproject.eu\/it\/wp-json\/wp\/v2\/pages\/491\/revisions"}],"predecessor-version":[{"id":499,"href":"https:\/\/istoproject.eu\/it\/wp-json\/wp\/v2\/pages\/491\/revisions\/499"}],"wp:attachment":[{"href":"https:\/\/istoproject.eu\/it\/wp-json\/wp\/v2\/media?parent=491"}],"curies":[{"name":"wp","href":"https:\/\/api.w.org\/{rel}","templated":true}]}}