{"id":506,"date":"2023-11-15T11:16:38","date_gmt":"2023-11-15T11:16:38","guid":{"rendered":"https:\/\/istoproject.eu\/?page_id=506"},"modified":"2023-11-15T11:19:02","modified_gmt":"2023-11-15T11:19:02","slug":"general-directorate-of-secondary-education-multiplier-event","status":"publish","type":"page","link":"https:\/\/istoproject.eu\/ro\/general-directorate-of-secondary-education-multiplier-event\/","title":{"rendered":"GENERAL DIRECTORATE OF SECONDARY EDUCATION &#8211; Multiplier Event"},"content":{"rendered":"<div data-elementor-type=\"wp-page\" data-elementor-id=\"506\" class=\"elementor elementor-506\">\n\t\t\t\t\t\t\t\t\t<section class=\"elementor-section elementor-top-section elementor-element elementor-element-f27afe8 elementor-section-boxed elementor-section-height-default elementor-section-height-default\" data-id=\"f27afe8\" data-element_type=\"section\">\n\t\t\t\t\t\t<div class=\"elementor-container elementor-column-gap-default\">\n\t\t\t\t\t<div class=\"elementor-column elementor-col-100 elementor-top-column elementor-element elementor-element-375acdd\" data-id=\"375acdd\" data-element_type=\"column\">\n\t\t\t<div class=\"elementor-widget-wrap elementor-element-populated\">\n\t\t\t\t\t\t\t\t<div class=\"elementor-element elementor-element-ac600e7 elementor-widget elementor-widget-text-editor\" data-id=\"ac600e7\" data-element_type=\"widget\" data-widget_type=\"text-editor.default\">\n\t\t\t\t<div class=\"elementor-widget-container\">\n\t\t\t<style>\/*! elementor - v3.15.0 - 20-08-2023 *\/\n.elementor-widget-text-editor.elementor-drop-cap-view-stacked .elementor-drop-cap{background-color:#69727d;color:#fff}.elementor-widget-text-editor.elementor-drop-cap-view-framed .elementor-drop-cap{color:#69727d;border:3px solid;background-color:transparent}.elementor-widget-text-editor:not(.elementor-drop-cap-view-default) .elementor-drop-cap{margin-top:8px}.elementor-widget-text-editor:not(.elementor-drop-cap-view-default) .elementor-drop-cap-letter{width:1em;height:1em}.elementor-widget-text-editor .elementor-drop-cap{float:left;text-align:center;line-height:1;font-size:50px}.elementor-widget-text-editor .elementor-drop-cap-letter{display:inline-block}<\/style>\t\t\t\t<p>\u00cen calitate de Direc\u021bie Raional\u0103 Mamak a Educa\u021biei Na\u021bionale, avem multe \u0219coli \u0219i institu\u021bii \u00een toate domeniile. \u00cen acest context, au participat directori de \u0219coli, directori adjunc\u021bi, profesori, \u0219efi de domenii \u0219i de departamente, elevi, elevi cu dizabilit\u0103\u021bi, operatori de restaurante, reprezentan\u021bi ai hotelurilor \u0219i al\u021bi reprezentan\u021bi care lucreaz\u0103 \u00een fiecare \u0219coal\u0103 \u0219i institu\u021bie care au leg\u0103tur\u0103 direct\u0103 \u0219i indirect\u0103 cu rezultatele proiectului nostru.<\/p><p>\u00cen total, 180 de persoane au participat la conferin\u021b\u0103. Dintre acestea, 93 de persoane au participat fa\u021b\u0103 \u00een fa\u021b\u0103, iar restul de 87 de persoane au participat online, prin zoom. Deoarece Direc\u021bia Districtual\u0103 Mamak a Educa\u021biei Na\u021bionale este autoritatea local\u0103 \u0219i este o direc\u021bie, to\u021bi participan\u021bii sunt din afara institu\u021biei. Prin urmare, au fost organizate evenimente multiplicatoare cu 180 de participan\u021bi externi \u00een total.<\/p><p>Evenimentul a fost un program foarte frecventat, \u00een cadrul c\u0103ruia au fost prezentate rezultatele proiectului nostru ISTO. Conferin\u021ba a fost organizat\u0103 de Mamak MEM \u0219i g\u0103zduit\u0103 de Centrul de Educa\u021bie Public\u0103 Mamak \u00een data de 18.10.2023 la ora 14:00. La conferin\u021b\u0103 au participat 93 de participan\u021bi fa\u021b\u0103 \u00een fa\u021b\u0103 \u0219i 87 de participan\u021bi online.<br \/>Ca puncte de pe ordinea de zi a reuniunii;<br \/>Prezentarea proiectului ISTO, scopul, importan\u021ba, publicul \u021bint\u0103, impactul \u0219i rezultatele.<br \/>Rezultatele proiectului au fost cele mai importante \u00een cadrul conferin\u021bei. Acestea sunt<br \/>O1: Ghid practic de turism ecologic \u0219i incluziv pentru profesorii din \u0219coli<br \/>O2: Jocul turismului ecologic \u0219i incluziv<br \/>O3: Orient\u0103ri privind educa\u021bia \u0219colar\u0103 pentru \u0219colile hoteliere dedicate promov\u0103rii turismului incluziv \u0219i durabil<br \/>Jocul mobil produs \u00een cadrul proiectului a fost proiectat pe ecranul mare \u0219i prezentat participan\u021bilor. Conferin\u021ba s-a \u00eencheiat cu un interes intens din partea participan\u021bilor. La finalul conferin\u021bei, participan\u021bilor li s-a \u00eenm\u00e2nat un chestionar de evaluare, iar un link a fost trimis participan\u021bilor online pe platforma zoom. Pe de alt\u0103 parte, fiec\u0103rui participant i s-a eliberat un certificat de participare \u0219i a fost trimis pe adresele de e-mail ale participan\u021bilor online. La finalul conferin\u021bei, participan\u021bilor li s-au servit b\u0103uturi r\u0103coritoare, iar \u00eentreb\u0103rile \u0219i r\u0103spunsurile acestora au fost preluate \u00een timpul r\u0103coritoarelor.<\/p><p>S-a constatat c\u0103 participan\u021bii au fost \u00een general mul\u021bumi\u021bi \u0219i din rezultate a reie\u0219it c\u0103 au fost foarte interesa\u021bi de feedback. Participan\u021bii care au participat online au declarat c\u0103 \u0219i-ar fi dorit s\u0103 participe fa\u021b\u0103 \u00een fa\u021b\u0103. Pe de alt\u0103 parte, s-a dedus din rezultate c\u0103 au primit rate ridicate \u00een ceea ce prive\u0219te satisfac\u021bia general\u0103.<\/p>\t\t\t\t\t\t<\/div>\n\t\t\t\t<\/div>\n\t\t\t\t\t<\/div>\n\t\t<\/div>\n\t\t\t\t\t\t\t<\/div>\n\t\t<\/section>\n\t\t\t\t\t\t\t<\/div>","protected":false},"excerpt":{"rendered":"<p>As Mamak District Directorate of National Education, we have many schools and institutions in every field. In this context, school principals, deputy principals, teachers, field and department chiefs, students, disabled students, restaurant operators, hotel representatives and other representatives working in every school [&hellip;]<\/p>","protected":false},"author":1,"featured_media":0,"parent":0,"menu_order":0,"comment_status":"closed","ping_status":"closed","template":"","meta":{"footnotes":""},"_links":{"self":[{"href":"https:\/\/istoproject.eu\/ro\/wp-json\/wp\/v2\/pages\/506"}],"collection":[{"href":"https:\/\/istoproject.eu\/ro\/wp-json\/wp\/v2\/pages"}],"about":[{"href":"https:\/\/istoproject.eu\/ro\/wp-json\/wp\/v2\/types\/page"}],"author":[{"embeddable":true,"href":"https:\/\/istoproject.eu\/ro\/wp-json\/wp\/v2\/users\/1"}],"replies":[{"embeddable":true,"href":"https:\/\/istoproject.eu\/ro\/wp-json\/wp\/v2\/comments?post=506"}],"version-history":[{"count":4,"href":"https:\/\/istoproject.eu\/ro\/wp-json\/wp\/v2\/pages\/506\/revisions"}],"predecessor-version":[{"id":511,"href":"https:\/\/istoproject.eu\/ro\/wp-json\/wp\/v2\/pages\/506\/revisions\/511"}],"wp:attachment":[{"href":"https:\/\/istoproject.eu\/ro\/wp-json\/wp\/v2\/media?parent=506"}],"curies":[{"name":"wp","href":"https:\/\/api.w.org\/{rel}","templated":true}]}}