{"id":519,"date":"2023-11-15T13:14:29","date_gmt":"2023-11-15T13:14:29","guid":{"rendered":"https:\/\/istoproject.eu\/?page_id=519"},"modified":"2023-11-15T13:28:08","modified_gmt":"2023-11-15T13:28:08","slug":"acelera-labs-multiplier-event","status":"publish","type":"page","link":"https:\/\/istoproject.eu\/ro\/acelera-labs-multiplier-event\/","title":{"rendered":"Acelera Labs &#8211; Multiplier Event"},"content":{"rendered":"<div data-elementor-type=\"wp-page\" data-elementor-id=\"519\" class=\"elementor elementor-519\">\n\t\t\t\t\t\t\t\t\t<section class=\"elementor-section elementor-top-section elementor-element elementor-element-4a6e055 elementor-section-boxed elementor-section-height-default elementor-section-height-default\" data-id=\"4a6e055\" data-element_type=\"section\">\n\t\t\t\t\t\t<div class=\"elementor-container elementor-column-gap-default\">\n\t\t\t\t\t<div class=\"elementor-column elementor-col-100 elementor-top-column elementor-element elementor-element-18a174a\" data-id=\"18a174a\" data-element_type=\"column\">\n\t\t\t<div class=\"elementor-widget-wrap elementor-element-populated\">\n\t\t\t\t\t\t\t\t<div class=\"elementor-element elementor-element-39fd52b elementor-widget elementor-widget-text-editor\" data-id=\"39fd52b\" data-element_type=\"widget\" data-widget_type=\"text-editor.default\">\n\t\t\t\t<div class=\"elementor-widget-container\">\n\t\t\t<style>\/*! elementor - v3.15.0 - 20-08-2023 *\/\n.elementor-widget-text-editor.elementor-drop-cap-view-stacked .elementor-drop-cap{background-color:#69727d;color:#fff}.elementor-widget-text-editor.elementor-drop-cap-view-framed .elementor-drop-cap{color:#69727d;border:3px solid;background-color:transparent}.elementor-widget-text-editor:not(.elementor-drop-cap-view-default) .elementor-drop-cap{margin-top:8px}.elementor-widget-text-editor:not(.elementor-drop-cap-view-default) .elementor-drop-cap-letter{width:1em;height:1em}.elementor-widget-text-editor .elementor-drop-cap{float:left;text-align:center;line-height:1;font-size:50px}.elementor-widget-text-editor .elementor-drop-cap-letter{display:inline-block}<\/style>\t\t\t\t<p>Acelera Labs a organizat un eveniment interesant de o zi care promite s\u0103 revolu\u021bioneze comunicarea vizual\u0103 \u00een domeniul turismului ecologic, al obiectivelor durabile \u0219i al includerii \u00een cadrul educa\u021biei \u0219colare. Acest eveniment a avut loc \u00een ora\u0219ul Madrid.<\/p><p><strong>Obiectivele evenimentului:<\/strong><\/p><ol><li><strong>Promovarea adop\u021biei \u00een \u0219coli:<\/strong> R\u0103sp\u00e2ndi\u021bi vestea despre cele trei rezultate ale proiectului \u00een sectorul educa\u021biei \u0219colare.<\/li><li><strong>\u00cemp\u0103rt\u0103\u0219i\u021bi bunele practici:<\/strong> Asigura\u021bi-v\u0103 c\u0103 ideile bune func\u021bioneaz\u0103 nu doar \u00een \u0219coli, ci \u0219i \u00een alte domenii, inclusiv \u00een educa\u021bia \u0219i formarea profesional\u0103 (VET).<\/li><li><strong>Asigurarea sustenabilit\u0103\u021bii proiectului:<\/strong> P\u0103stra\u021bi proiectul puternic \u0219i eficient pe termen lung.<\/li><li><strong>Cre\u0219terea gradului de con\u0219tientizare:<\/strong> S\u0103 fac\u0103 lumin\u0103 asupra metodelor educa\u021bionale care promoveaz\u0103 practici durabile \u0219i incluzive \u00een domeniul dinamic al turismului.<\/li><li><strong>Analiza\u021bi programele \u0219colare din Spania:<\/strong> Aprofunda\u021bi-v\u0103 \u00een programele, politicile \u0219i practicile \u0219colare legate de durabilitate \u0219i incluziune \u00een Spania, cu scopul de a contribui cu informa\u021bii la nivel european.<\/li><li><strong>Promovarea comunic\u0103rii vizuale pentru obiective etice:<\/strong> S\u0103 \u00eencurajeze utilizarea adecvat\u0103 a comunic\u0103rii vizuale pentru atingerea obiectivelor etice.<\/li><\/ol><p><strong>Identitate vizual\u0103:<\/strong><\/p><p>Identitatea vizual\u0103 a proiectului \u00eencepe cu logo-ul s\u0103u, o reprezentare grafic\u0103 a esen\u021bei proiectului. Logo-ul prezint\u0103 simboluri \u0219i culori aliniate la con\u021binutul \u0219i misiunea proiectului:<\/p><ul><li><strong>Frunze:<\/strong> Reprezentarea conceptului de natur\u0103 \u0219i durabilitate.<\/li><li><strong>Valiza:<\/strong> Simbolizarea turismului.<\/li><li><strong>Palet\u0103 de culori verzi:<\/strong> O aluzie la tranzi\u021bia verde \u0219i la diferitele nuan\u021be de verde.<\/li><li><strong>Font simplu \u00een albastru:<\/strong> Asigurarea clarit\u0103\u021bii \u0219i a lizibilit\u0103\u021bii.<\/li><\/ul><p>Designul site-ului web a fost conceput la fel, acord\u00e2nd prioritate unei navig\u0103ri u\u0219oare \u0219i incluzive, cu un layout care reflect\u0103 paleta de culori a logo-ului \u0219i transmite sufletul proiectului prin intermediul gamific\u0103rii.<\/p><p><strong>Proiectarea jocurilor:<\/strong><\/p><p>\u00cen ceea ce prive\u0219te designul jocului, accentul a fost pus pe crearea unei aplica\u021bii u\u0219oare \u0219i u\u0219or de utilizat, care s\u0103 r\u0103m\u00e2n\u0103 u\u0219or de folosit chiar \u0219i pe dispozitive mai pu\u021bin avansate. Un design minimalist \u0219i colorat, cu o vedere frontal\u0103 2D a hotelului, permite utilizatorilor s\u0103 identifice \u0219i s\u0103 interac\u021bioneze cu u\u0219urin\u021b\u0103 cu diverse elemente. Pictogramele recognoscibile transmit concepte clare:<\/p><ul><li><strong>Moned\u0103:<\/strong> Reprezint\u0103 bani.<\/li><li><strong>Degetele sus:<\/strong> Indic\u0103 satisfac\u021bia clien\u021bilor.<\/li><li><strong>Fabrica care emite fum:<\/strong> Semnific\u0103 impactul asupra mediului.<\/li><li><strong>Pat cu simbol euro:<\/strong> Reprezint\u0103 pre\u021burile camerelor.<\/li><\/ul><p>Aceast\u0103 abordare inovatoare a comunic\u0103rii vizuale este preg\u0103tit\u0103 s\u0103 transforme modul \u00een care ne implic\u0103m \u00een turismul ecologic, obiectivele durabile \u0219i incluziunea \u00een cadrul educa\u021biei \u0219colare.\u00a0<\/p>\t\t\t\t\t\t<\/div>\n\t\t\t\t<\/div>\n\t\t\t\t\t<\/div>\n\t\t<\/div>\n\t\t\t\t\t\t\t<\/div>\n\t\t<\/section>\n\t\t\t\t\t\t\t<\/div>","protected":false},"excerpt":{"rendered":"<p>Acelera Labs organized an exciting one-day event that promises to revolutionize visual communication in the realm of ecological tourism, sustainable goals, and inclusion within school education settings. This event took place in the city of Madrid. Goals of the Event: Promote Adoption [&hellip;]<\/p>","protected":false},"author":1,"featured_media":0,"parent":0,"menu_order":0,"comment_status":"closed","ping_status":"closed","template":"","meta":{"footnotes":""},"_links":{"self":[{"href":"https:\/\/istoproject.eu\/ro\/wp-json\/wp\/v2\/pages\/519"}],"collection":[{"href":"https:\/\/istoproject.eu\/ro\/wp-json\/wp\/v2\/pages"}],"about":[{"href":"https:\/\/istoproject.eu\/ro\/wp-json\/wp\/v2\/types\/page"}],"author":[{"embeddable":true,"href":"https:\/\/istoproject.eu\/ro\/wp-json\/wp\/v2\/users\/1"}],"replies":[{"embeddable":true,"href":"https:\/\/istoproject.eu\/ro\/wp-json\/wp\/v2\/comments?post=519"}],"version-history":[{"count":4,"href":"https:\/\/istoproject.eu\/ro\/wp-json\/wp\/v2\/pages\/519\/revisions"}],"predecessor-version":[{"id":531,"href":"https:\/\/istoproject.eu\/ro\/wp-json\/wp\/v2\/pages\/519\/revisions\/531"}],"wp:attachment":[{"href":"https:\/\/istoproject.eu\/ro\/wp-json\/wp\/v2\/media?parent=519"}],"curies":[{"name":"wp","href":"https:\/\/api.w.org\/{rel}","templated":true}]}}