{"id":265,"date":"2023-09-01T10:20:57","date_gmt":"2023-09-01T10:20:57","guid":{"rendered":"https:\/\/istoproject.eu\/?page_id=265"},"modified":"2023-09-22T09:06:56","modified_gmt":"2023-09-22T09:06:56","slug":"acelera-labs","status":"publish","type":"page","link":"https:\/\/istoproject.eu\/tr\/acelera-labs\/","title":{"rendered":"Acelera Labs"},"content":{"rendered":"<div data-elementor-type=\"wp-page\" data-elementor-id=\"265\" class=\"elementor elementor-265\">\n\t\t\t\t\t\t\t\t\t<section class=\"elementor-section elementor-top-section elementor-element elementor-element-7b29727 elementor-section-boxed elementor-section-height-default elementor-section-height-default\" data-id=\"7b29727\" data-element_type=\"section\">\n\t\t\t\t\t\t<div class=\"elementor-container elementor-column-gap-default\">\n\t\t\t\t\t<div class=\"elementor-column elementor-col-100 elementor-top-column elementor-element elementor-element-d1401db\" data-id=\"d1401db\" data-element_type=\"column\">\n\t\t\t<div class=\"elementor-widget-wrap elementor-element-populated\">\n\t\t\t\t\t\t\t\t<div class=\"elementor-element elementor-element-b4d4ae2 elementor-widget__width-initial elementor-widget elementor-widget-image\" data-id=\"b4d4ae2\" data-element_type=\"widget\" data-widget_type=\"image.default\">\n\t\t\t\t<div class=\"elementor-widget-container\">\n\t\t\t<style>\/*! elementor - v3.15.0 - 20-08-2023 *\/\n.elementor-widget-image{text-align:center}.elementor-widget-image a{display:inline-block}.elementor-widget-image a img[src$=\".svg\"]{width:48px}.elementor-widget-image img{vertical-align:middle;display:inline-block}<\/style>\t\t\t\t\t\t\t\t\t\t\t\t<img decoding=\"async\" loading=\"lazy\" width=\"118\" height=\"118\" src=\"https:\/\/istoproject.eu\/wp-content\/uploads\/2023\/09\/Acelera.png\" class=\"attachment-medium_large size-medium_large wp-image-206\" alt=\"\" \/>\t\t\t\t\t\t\t\t\t\t\t\t\t\t\t<\/div>\n\t\t\t\t<\/div>\n\t\t\t\t\t<\/div>\n\t\t<\/div>\n\t\t\t\t\t\t\t<\/div>\n\t\t<\/section>\n\t\t\t\t<section class=\"elementor-section elementor-top-section elementor-element elementor-element-494e03d elementor-section-boxed elementor-section-height-default elementor-section-height-default\" data-id=\"494e03d\" data-element_type=\"section\">\n\t\t\t\t\t\t<div class=\"elementor-container elementor-column-gap-default\">\n\t\t\t\t\t<div class=\"elementor-column elementor-col-100 elementor-top-column elementor-element elementor-element-0b93323\" data-id=\"0b93323\" data-element_type=\"column\">\n\t\t\t<div class=\"elementor-widget-wrap elementor-element-populated\">\n\t\t\t\t\t\t\t\t<div class=\"elementor-element elementor-element-55f0979 elementor-widget elementor-widget-spacer\" data-id=\"55f0979\" data-element_type=\"widget\" data-widget_type=\"spacer.default\">\n\t\t\t\t<div class=\"elementor-widget-container\">\n\t\t\t<style>\/*! elementor - v3.15.0 - 20-08-2023 *\/\n.elementor-column .elementor-spacer-inner{height:var(--spacer-size)}.e-con{--container-widget-width:100%}.e-con-inner>.elementor-widget-spacer,.e-con>.elementor-widget-spacer{width:var(--container-widget-width,var(--spacer-size));--align-self:var(--container-widget-align-self,initial);--flex-shrink:0}.e-con-inner>.elementor-widget-spacer>.elementor-widget-container,.e-con-inner>.elementor-widget-spacer>.elementor-widget-container>.elementor-spacer,.e-con>.elementor-widget-spacer>.elementor-widget-container,.e-con>.elementor-widget-spacer>.elementor-widget-container>.elementor-spacer{height:100%}.e-con-inner>.elementor-widget-spacer>.elementor-widget-container>.elementor-spacer>.elementor-spacer-inner,.e-con>.elementor-widget-spacer>.elementor-widget-container>.elementor-spacer>.elementor-spacer-inner{height:var(--container-widget-height,var(--spacer-size))}<\/style>\t\t<div class=\"elementor-spacer\">\n\t\t\t<div class=\"elementor-spacer-inner\"><\/div>\n\t\t<\/div>\n\t\t\t\t<\/div>\n\t\t\t\t<\/div>\n\t\t\t\t\t<\/div>\n\t\t<\/div>\n\t\t\t\t\t\t\t<\/div>\n\t\t<\/section>\n\t\t\t\t<section class=\"elementor-section elementor-top-section elementor-element elementor-element-0587c5d elementor-section-boxed elementor-section-height-default elementor-section-height-default\" data-id=\"0587c5d\" data-element_type=\"section\">\n\t\t\t\t\t\t<div class=\"elementor-container elementor-column-gap-default\">\n\t\t\t\t\t<div class=\"elementor-column elementor-col-100 elementor-top-column elementor-element elementor-element-e7c3c96\" data-id=\"e7c3c96\" data-element_type=\"column\">\n\t\t\t<div class=\"elementor-widget-wrap elementor-element-populated\">\n\t\t\t\t\t\t\t\t<div class=\"elementor-element elementor-element-4c55dfc elementor-widget elementor-widget-text-editor\" data-id=\"4c55dfc\" data-element_type=\"widget\" data-widget_type=\"text-editor.default\">\n\t\t\t\t<div class=\"elementor-widget-container\">\n\t\t\t<style>\/*! elementor - v3.15.0 - 20-08-2023 *\/\n.elementor-widget-text-editor.elementor-drop-cap-view-stacked .elementor-drop-cap{background-color:#69727d;color:#fff}.elementor-widget-text-editor.elementor-drop-cap-view-framed .elementor-drop-cap{color:#69727d;border:3px solid;background-color:transparent}.elementor-widget-text-editor:not(.elementor-drop-cap-view-default) .elementor-drop-cap{margin-top:8px}.elementor-widget-text-editor:not(.elementor-drop-cap-view-default) .elementor-drop-cap-letter{width:1em;height:1em}.elementor-widget-text-editor .elementor-drop-cap{float:left;text-align:center;line-height:1;font-size:50px}.elementor-widget-text-editor .elementor-drop-cap-letter{display:inline-block}<\/style>\t\t\t\t<p class=\" translation-block\">Acelera Labs, 2013 y\u0131l\u0131nda kurulan ve y\u0131llar i\u00e7inde ayn\u0131 ortak paydada farkl\u0131 i\u015f kollar\u0131 geli\u015ftiren \u00f6zel bir \u015firkettir: insanlar\u0131n hayallerini ger\u00e7ekle\u015ftirmelerine yard\u0131mc\u0131 olmak, birbirlerini desteklemek ve yolculuk boyunca her g\u00fcn\u00fcn tad\u0131n\u0131 \u00e7\u0131karmak. \nSekiz y\u0131l \u00f6nce \u015firket, t\u00fcm profesyonellerin, giri\u015fimcilerin, startup'lar\u0131n ve k\u00fc\u00e7\u00fck i\u015fletmelerin projelerini ger\u00e7ekle\u015ftirmelerine yard\u0131mc\u0131 olma misyonuyla The Shed Coworking'i a\u00e7t\u0131. \u00c7al\u0131\u015fman\u0131n Keyfini \u00c7\u0131kar\u0131n slogan\u0131na sad\u0131k kalan The Shed Coworking, ba\u011flant\u0131 kuran, payla\u015f\u0131m\u0131 te\u015fvik eden ve g\u00fcnl\u00fck ya\u015fam\u0131 bir par\u00e7a iyi mizahla zenginle\u015ftiren bir alan haline geldi. \n2015 y\u0131l\u0131nda s\u00fcrekli geli\u015fim, kalite ve yenilik aray\u0131\u015f\u0131yla hareket eden Acelera Labs, marka ve ileti\u015fim alanlar\u0131na odaklanan The Shed Co Design'\u0131 a\u00e7t\u0131. O zamandan beri The Shed Co Design, marka imaj\u0131 ve kimli\u011fi, yarat\u0131c\u0131l\u0131k, \u00e7evrimi\u00e7i ve \u00e7evrimd\u0131\u015f\u0131 \u00e7\u0131kt\u0131lar ve ileti\u015fim stratejileri geli\u015ftirerek d\u00fcnya \u00e7ap\u0131nda farkl\u0131 projelerde yer ald\u0131.<\/p>\t\t\t\t\t\t<\/div>\n\t\t\t\t<\/div>\n\t\t\t\t\t<\/div>\n\t\t<\/div>\n\t\t\t\t\t\t\t<\/div>\n\t\t<\/section>\n\t\t\t\t\t\t\t<\/div>","protected":false},"excerpt":{"rendered":"<p>Acelera Labs is a private company founded in 2013, that over the years has developed different business lines with the same common denominator: help people to realize their dreams, supporting each other and enjoying each day throughout the journey.Eight years ago, the [&hellip;]<\/p>","protected":false},"author":1,"featured_media":0,"parent":0,"menu_order":0,"comment_status":"closed","ping_status":"closed","template":"","meta":{"footnotes":""},"_links":{"self":[{"href":"https:\/\/istoproject.eu\/tr\/wp-json\/wp\/v2\/pages\/265"}],"collection":[{"href":"https:\/\/istoproject.eu\/tr\/wp-json\/wp\/v2\/pages"}],"about":[{"href":"https:\/\/istoproject.eu\/tr\/wp-json\/wp\/v2\/types\/page"}],"author":[{"embeddable":true,"href":"https:\/\/istoproject.eu\/tr\/wp-json\/wp\/v2\/users\/1"}],"replies":[{"embeddable":true,"href":"https:\/\/istoproject.eu\/tr\/wp-json\/wp\/v2\/comments?post=265"}],"version-history":[{"count":7,"href":"https:\/\/istoproject.eu\/tr\/wp-json\/wp\/v2\/pages\/265\/revisions"}],"predecessor-version":[{"id":452,"href":"https:\/\/istoproject.eu\/tr\/wp-json\/wp\/v2\/pages\/265\/revisions\/452"}],"wp:attachment":[{"href":"https:\/\/istoproject.eu\/tr\/wp-json\/wp\/v2\/media?parent=265"}],"curies":[{"name":"wp","href":"https:\/\/api.w.org\/{rel}","templated":true}]}}