{"id":279,"date":"2023-09-01T10:38:50","date_gmt":"2023-09-01T10:38:50","guid":{"rendered":"https:\/\/istoproject.eu\/?page_id=279"},"modified":"2023-09-01T10:40:51","modified_gmt":"2023-09-01T10:40:51","slug":"rivesco-consulting-ltd","status":"publish","type":"page","link":"https:\/\/istoproject.eu\/tr\/rivesco-consulting-ltd\/","title":{"rendered":"Rivesco Consulting Ltd"},"content":{"rendered":"<div data-elementor-type=\"wp-page\" data-elementor-id=\"279\" class=\"elementor elementor-279\">\n\t\t\t\t\t\t\t\t\t<section class=\"elementor-section elementor-top-section elementor-element elementor-element-52b8dd4 elementor-section-boxed elementor-section-height-default elementor-section-height-default\" data-id=\"52b8dd4\" data-element_type=\"section\">\n\t\t\t\t\t\t<div class=\"elementor-container elementor-column-gap-default\">\n\t\t\t\t\t<div class=\"elementor-column elementor-col-100 elementor-top-column elementor-element elementor-element-367766d\" data-id=\"367766d\" data-element_type=\"column\">\n\t\t\t<div class=\"elementor-widget-wrap elementor-element-populated\">\n\t\t\t\t\t\t\t\t<div class=\"elementor-element elementor-element-7aac408 elementor-widget__width-initial elementor-widget elementor-widget-image\" data-id=\"7aac408\" data-element_type=\"widget\" data-widget_type=\"image.default\">\n\t\t\t\t<div class=\"elementor-widget-container\">\n\t\t\t<style>\/*! elementor - v3.15.0 - 20-08-2023 *\/\n.elementor-widget-image{text-align:center}.elementor-widget-image a{display:inline-block}.elementor-widget-image a img[src$=\".svg\"]{width:48px}.elementor-widget-image img{vertical-align:middle;display:inline-block}<\/style>\t\t\t\t\t\t\t\t\t\t\t\t<img decoding=\"async\" loading=\"lazy\" width=\"227\" height=\"212\" src=\"https:\/\/istoproject.eu\/wp-content\/uploads\/2023\/09\/Rivensco-Logo.jpg\" class=\"attachment-medium_large size-medium_large wp-image-215\" alt=\"\" \/>\t\t\t\t\t\t\t\t\t\t\t\t\t\t\t<\/div>\n\t\t\t\t<\/div>\n\t\t\t\t\t<\/div>\n\t\t<\/div>\n\t\t\t\t\t\t\t<\/div>\n\t\t<\/section>\n\t\t\t\t<section class=\"elementor-section elementor-top-section elementor-element elementor-element-c3e2620 elementor-section-boxed elementor-section-height-default elementor-section-height-default\" data-id=\"c3e2620\" data-element_type=\"section\">\n\t\t\t\t\t\t<div class=\"elementor-container elementor-column-gap-default\">\n\t\t\t\t\t<div class=\"elementor-column elementor-col-100 elementor-top-column elementor-element elementor-element-f87e1c8\" data-id=\"f87e1c8\" data-element_type=\"column\">\n\t\t\t<div class=\"elementor-widget-wrap elementor-element-populated\">\n\t\t\t\t\t\t\t\t<div class=\"elementor-element elementor-element-d6f4523 elementor-widget elementor-widget-spacer\" data-id=\"d6f4523\" data-element_type=\"widget\" data-widget_type=\"spacer.default\">\n\t\t\t\t<div class=\"elementor-widget-container\">\n\t\t\t<style>\/*! elementor - v3.15.0 - 20-08-2023 *\/\n.elementor-column .elementor-spacer-inner{height:var(--spacer-size)}.e-con{--container-widget-width:100%}.e-con-inner>.elementor-widget-spacer,.e-con>.elementor-widget-spacer{width:var(--container-widget-width,var(--spacer-size));--align-self:var(--container-widget-align-self,initial);--flex-shrink:0}.e-con-inner>.elementor-widget-spacer>.elementor-widget-container,.e-con-inner>.elementor-widget-spacer>.elementor-widget-container>.elementor-spacer,.e-con>.elementor-widget-spacer>.elementor-widget-container,.e-con>.elementor-widget-spacer>.elementor-widget-container>.elementor-spacer{height:100%}.e-con-inner>.elementor-widget-spacer>.elementor-widget-container>.elementor-spacer>.elementor-spacer-inner,.e-con>.elementor-widget-spacer>.elementor-widget-container>.elementor-spacer>.elementor-spacer-inner{height:var(--container-widget-height,var(--spacer-size))}<\/style>\t\t<div class=\"elementor-spacer\">\n\t\t\t<div class=\"elementor-spacer-inner\"><\/div>\n\t\t<\/div>\n\t\t\t\t<\/div>\n\t\t\t\t<\/div>\n\t\t\t\t\t<\/div>\n\t\t<\/div>\n\t\t\t\t\t\t\t<\/div>\n\t\t<\/section>\n\t\t\t\t<section class=\"elementor-section elementor-top-section elementor-element elementor-element-b05cb99 elementor-section-boxed elementor-section-height-default elementor-section-height-default\" data-id=\"b05cb99\" data-element_type=\"section\">\n\t\t\t\t\t\t<div class=\"elementor-container elementor-column-gap-default\">\n\t\t\t\t\t<div class=\"elementor-column elementor-col-100 elementor-top-column elementor-element elementor-element-aab25d9\" data-id=\"aab25d9\" data-element_type=\"column\">\n\t\t\t<div class=\"elementor-widget-wrap elementor-element-populated\">\n\t\t\t\t\t\t\t\t<div class=\"elementor-element elementor-element-f6e67b5 elementor-widget elementor-widget-text-editor\" data-id=\"f6e67b5\" data-element_type=\"widget\" data-widget_type=\"text-editor.default\">\n\t\t\t\t<div class=\"elementor-widget-container\">\n\t\t\t<style>\/*! elementor - v3.15.0 - 20-08-2023 *\/\n.elementor-widget-text-editor.elementor-drop-cap-view-stacked .elementor-drop-cap{background-color:#69727d;color:#fff}.elementor-widget-text-editor.elementor-drop-cap-view-framed .elementor-drop-cap{color:#69727d;border:3px solid;background-color:transparent}.elementor-widget-text-editor:not(.elementor-drop-cap-view-default) .elementor-drop-cap{margin-top:8px}.elementor-widget-text-editor:not(.elementor-drop-cap-view-default) .elementor-drop-cap-letter{width:1em;height:1em}.elementor-widget-text-editor .elementor-drop-cap{float:left;text-align:center;line-height:1;font-size:50px}.elementor-widget-text-editor .elementor-drop-cap-letter{display:inline-block}<\/style>\t\t\t\t<p class=\" translation-block\">Rivensco Consulting Ltd, kendisini akademik ve i\u015f d\u00fcnyas\u0131 aras\u0131nda \u00f6nemli bir ba\u011flant\u0131 olarak kurmay\u0131 ama\u00e7layan yenilik\u00e7i bir \u015firkettir. Rivensco'nun K\u0131br\u0131s'\u0131n t\u00fcm b\u00fcy\u00fck \u015fehirlerinde ofisleri bulunmakta ve i\u015fletme, sosyal giri\u015fimler, bilgi teknolojileri ve otelcilik gibi farkl\u0131 konularda 351 e\u011fitim vermektedir. AB projelerindeki deneyimimizle, yerel Ticaret Odas\u0131, yerel Kolejler, \u00dcniversiteler, Bakanl\u0131klar, Belediyeler ve di\u011fer payda\u015flar da dahil olmak \u00fczere yerel i\u015fletmeleri Avrupa ve ulusal finansman projelerine kat\u0131lmalar\u0131 i\u00e7in destekliyoruz. Faaliyetlerimizin etkinli\u011fi, yerel medya da dahil olmak \u00fczere bir\u00e7ok k\u00fc\u00e7\u00fck i\u015fletme ve yerel payda\u015fla i\u015fbirli\u011fini gerektirmektedir. Yeni teknolojilerin \u00f6nemli rol\u00fcne ve sunduklar\u0131 rekabet avantaj\u0131na \u00f6zellikle dikkat ediyoruz. \u00c7e\u015fitli i\u015fletmelerle y\u00fcr\u00fctt\u00fc\u011f\u00fcm\u00fcz g\u00fcnl\u00fck faaliyetler, farkl\u0131 alanlarda ger\u00e7ek deneyim sa\u011flamak i\u00e7in ayr\u0131cal\u0131kl\u0131 bir konumda olmas\u0131 nedeniyle \u015firketimizi i\u015fe yerle\u015ftirme i\u00e7in ideal k\u0131lmaktad\u0131r.<\/p><p><span data-sheets-value=\"{&quot;1&quot;:2,&quot;2&quot;:&quot;Rivensco Consulting Ltd is an innovating company that aims to establish itself as a major link between the academic and business world.\\r\\nRivensco maintains offices in all major cities in Cyprus and it provides\\r\\ntraining in different subject areas such as business, social enterprises,\\r\\ninformation technology and hospitality. With our experience in EU\\r\\nprojects, we support local businesses to participate in European and\\r\\nnational funding projects, including the local Chamber of Commerce, local\\r\\nColleges, Universities, Ministries, Municipalities and other stakeholders.\\r\\nThe effectiveness of our operations requires the cooperation with several\\r\\nsmall businesses and local stakeholders, including local media. We pay\\r\\nparticular attention to the pivotal role of new technologies and the\\r\\ncompetitive advantage they offer. Our daily operations with several\\r\\nenterprises make our company ideal for working placement, since it is in\\r\\na privileged position to provide real experience in different fields. The\\r\\nhighly specialized professional staff includes psychologists,\\r\\nteachers\/trainers and bussiness consultants who can provide training in\\r\\ndifferent fields. In 2014, Rivensco joined forces with a particular\\r\\nVocational and Technological Training Center, in order to improve its\\r\\ntraining capacity, expand its network, and provide more courses. Rivensco\\r\\nConsulting offers specialized courses for interview preparation, CV\\r\\npreparing, while it accustoms its trainees with personality tests and\\r\\ndifferent national tests. This has enabled Rivensco to focus on the training\\r\\nof young Entrpreneurs.&quot;}\" data-sheets-userformat=\"{&quot;2&quot;:961,&quot;3&quot;:{&quot;1&quot;:0},&quot;9&quot;:0,&quot;10&quot;:1,&quot;11&quot;:4,&quot;12&quot;:0}\">Son derece uzmanla\u015fm\u0131\u015f profesyonel kadromuz, farkl\u0131 alanlarda e\u011fitim verebilecek psikologlar, \u00f6\u011fretmenler\/e\u011fitmenler ve i\u015f dan\u0131\u015fmanlar\u0131ndan olu\u015fmaktad\u0131r. 2014 y\u0131l\u0131nda Rivensco, e\u011fitim kapasitesini geli\u015ftirmek, a\u011f\u0131n\u0131 geni\u015fletmek ve daha fazla kurs sa\u011flamak amac\u0131yla belirli bir Mesleki ve Teknolojik E\u011fitim Merkezi ile g\u00fc\u00e7lerini birle\u015ftirmi\u015ftir.<\/span><\/p><p><span data-sheets-value=\"{&quot;1&quot;:2,&quot;2&quot;:&quot;Rivensco Consulting Ltd is an innovating company that aims to establish itself as a major link between the academic and business world.\\r\\nRivensco maintains offices in all major cities in Cyprus and it provides\\r\\ntraining in different subject areas such as business, social enterprises,\\r\\ninformation technology and hospitality. With our experience in EU\\r\\nprojects, we support local businesses to participate in European and\\r\\nnational funding projects, including the local Chamber of Commerce, local\\r\\nColleges, Universities, Ministries, Municipalities and other stakeholders.\\r\\nThe effectiveness of our operations requires the cooperation with several\\r\\nsmall businesses and local stakeholders, including local media. We pay\\r\\nparticular attention to the pivotal role of new technologies and the\\r\\ncompetitive advantage they offer. Our daily operations with several\\r\\nenterprises make our company ideal for working placement, since it is in\\r\\na privileged position to provide real experience in different fields. The\\r\\nhighly specialized professional staff includes psychologists,\\r\\nteachers\/trainers and bussiness consultants who can provide training in\\r\\ndifferent fields. In 2014, Rivensco joined forces with a particular\\r\\nVocational and Technological Training Center, in order to improve its\\r\\ntraining capacity, expand its network, and provide more courses. Rivensco\\r\\nConsulting offers specialized courses for interview preparation, CV\\r\\npreparing, while it accustoms its trainees with personality tests and\\r\\ndifferent national tests. This has enabled Rivensco to focus on the training\\r\\nof young Entrpreneurs.&quot;}\" data-sheets-userformat=\"{&quot;2&quot;:961,&quot;3&quot;:{&quot;1&quot;:0},&quot;9&quot;:0,&quot;10&quot;:1,&quot;11&quot;:4,&quot;12&quot;:0}\"> Rivensco Consulting, m\u00fclakat haz\u0131rl\u0131\u011f\u0131, CV haz\u0131rlama gibi \u00f6zel kurslar sunarken, kursiyerlerini ki\u015filik testleri ve farkl\u0131 ulusal testlere al\u0131\u015ft\u0131rmaktad\u0131r. Bu da Rivensco'nun gen\u00e7 giri\u015fimcilerin e\u011fitimine odaklanmas\u0131n\u0131 sa\u011flam\u0131\u015ft\u0131r.<\/span><\/p>\t\t\t\t\t\t<\/div>\n\t\t\t\t<\/div>\n\t\t\t\t\t<\/div>\n\t\t<\/div>\n\t\t\t\t\t\t\t<\/div>\n\t\t<\/section>\n\t\t\t\t\t\t\t<\/div>","protected":false},"excerpt":{"rendered":"<p>Rivensco Consulting Ltd is an innovating company that aims to establish itself as a major link between the academic and business world. Rivensco maintains offices in all major cities in Cyprus and it provides training in different subject areas such as business, [&hellip;]<\/p>","protected":false},"author":1,"featured_media":0,"parent":0,"menu_order":0,"comment_status":"closed","ping_status":"closed","template":"","meta":{"footnotes":""},"_links":{"self":[{"href":"https:\/\/istoproject.eu\/tr\/wp-json\/wp\/v2\/pages\/279"}],"collection":[{"href":"https:\/\/istoproject.eu\/tr\/wp-json\/wp\/v2\/pages"}],"about":[{"href":"https:\/\/istoproject.eu\/tr\/wp-json\/wp\/v2\/types\/page"}],"author":[{"embeddable":true,"href":"https:\/\/istoproject.eu\/tr\/wp-json\/wp\/v2\/users\/1"}],"replies":[{"embeddable":true,"href":"https:\/\/istoproject.eu\/tr\/wp-json\/wp\/v2\/comments?post=279"}],"version-history":[{"count":4,"href":"https:\/\/istoproject.eu\/tr\/wp-json\/wp\/v2\/pages\/279\/revisions"}],"predecessor-version":[{"id":284,"href":"https:\/\/istoproject.eu\/tr\/wp-json\/wp\/v2\/pages\/279\/revisions\/284"}],"wp:attachment":[{"href":"https:\/\/istoproject.eu\/tr\/wp-json\/wp\/v2\/media?parent=279"}],"curies":[{"name":"wp","href":"https:\/\/api.w.org\/{rel}","templated":true}]}}