{"id":471,"date":"2023-11-15T09:35:45","date_gmt":"2023-11-15T09:35:45","guid":{"rendered":"https:\/\/istoproject.eu\/?page_id=471"},"modified":"2023-11-15T10:25:11","modified_gmt":"2023-11-15T10:25:11","slug":"rivensco-consulting-ltd-multiplier-event","status":"publish","type":"page","link":"https:\/\/istoproject.eu\/tr\/rivensco-consulting-ltd-multiplier-event\/","title":{"rendered":"Rivensco Consulting LTD &#8211; Multiplier Event"},"content":{"rendered":"<div data-elementor-type=\"wp-page\" data-elementor-id=\"471\" class=\"elementor elementor-471\">\n\t\t\t\t\t\t\t\t\t<section class=\"elementor-section elementor-top-section elementor-element elementor-element-2d4176f elementor-section-boxed elementor-section-height-default elementor-section-height-default\" data-id=\"2d4176f\" data-element_type=\"section\">\n\t\t\t\t\t\t<div class=\"elementor-container elementor-column-gap-default\">\n\t\t\t\t\t<div class=\"elementor-column elementor-col-100 elementor-top-column elementor-element elementor-element-21b222e\" data-id=\"21b222e\" data-element_type=\"column\">\n\t\t\t<div class=\"elementor-widget-wrap elementor-element-populated\">\n\t\t\t\t\t\t\t\t<div class=\"elementor-element elementor-element-3abb350 elementor-widget elementor-widget-image\" data-id=\"3abb350\" data-element_type=\"widget\" data-widget_type=\"image.default\">\n\t\t\t\t<div class=\"elementor-widget-container\">\n\t\t\t<style>\/*! elementor - v3.15.0 - 20-08-2023 *\/\n.elementor-widget-image{text-align:center}.elementor-widget-image a{display:inline-block}.elementor-widget-image a img[src$=\".svg\"]{width:48px}.elementor-widget-image img{vertical-align:middle;display:inline-block}<\/style>\t\t\t\t\t\t\t\t\t\t\t\t<img decoding=\"async\" loading=\"lazy\" width=\"768\" height=\"576\" src=\"https:\/\/istoproject.eu\/wp-content\/uploads\/2023\/11\/IMG-d2c61ac3bbab67bdf47fbc454731806b-V-768x576.jpg\" class=\"attachment-medium_large size-medium_large wp-image-470\" alt=\"\" srcset=\"https:\/\/istoproject.eu\/wp-content\/uploads\/2023\/11\/IMG-d2c61ac3bbab67bdf47fbc454731806b-V-768x576.jpg 768w, https:\/\/istoproject.eu\/wp-content\/uploads\/2023\/11\/IMG-d2c61ac3bbab67bdf47fbc454731806b-V-300x225.jpg 300w, https:\/\/istoproject.eu\/wp-content\/uploads\/2023\/11\/IMG-d2c61ac3bbab67bdf47fbc454731806b-V-1024x768.jpg 1024w, https:\/\/istoproject.eu\/wp-content\/uploads\/2023\/11\/IMG-d2c61ac3bbab67bdf47fbc454731806b-V-1536x1152.jpg 1536w, https:\/\/istoproject.eu\/wp-content\/uploads\/2023\/11\/IMG-d2c61ac3bbab67bdf47fbc454731806b-V-16x12.jpg 16w, https:\/\/istoproject.eu\/wp-content\/uploads\/2023\/11\/IMG-d2c61ac3bbab67bdf47fbc454731806b-V.jpg 1600w\" sizes=\"(max-width: 768px) 100vw, 768px\" \/>\t\t\t\t\t\t\t\t\t\t\t\t\t\t\t<\/div>\n\t\t\t\t<\/div>\n\t\t\t\t\t<\/div>\n\t\t<\/div>\n\t\t\t\t\t\t\t<\/div>\n\t\t<\/section>\n\t\t\t\t<section class=\"elementor-section elementor-top-section elementor-element elementor-element-e368a6b elementor-section-boxed elementor-section-height-default elementor-section-height-default\" data-id=\"e368a6b\" data-element_type=\"section\">\n\t\t\t\t\t\t<div class=\"elementor-container elementor-column-gap-default\">\n\t\t\t\t\t<div class=\"elementor-column elementor-col-100 elementor-top-column elementor-element elementor-element-125db35\" data-id=\"125db35\" data-element_type=\"column\">\n\t\t\t<div class=\"elementor-widget-wrap elementor-element-populated\">\n\t\t\t\t\t\t\t\t<div class=\"elementor-element elementor-element-71733f1 elementor-widget elementor-widget-text-editor\" data-id=\"71733f1\" data-element_type=\"widget\" data-widget_type=\"text-editor.default\">\n\t\t\t\t<div class=\"elementor-widget-container\">\n\t\t\t<style>\/*! elementor - v3.15.0 - 20-08-2023 *\/\n.elementor-widget-text-editor.elementor-drop-cap-view-stacked .elementor-drop-cap{background-color:#69727d;color:#fff}.elementor-widget-text-editor.elementor-drop-cap-view-framed .elementor-drop-cap{color:#69727d;border:3px solid;background-color:transparent}.elementor-widget-text-editor:not(.elementor-drop-cap-view-default) .elementor-drop-cap{margin-top:8px}.elementor-widget-text-editor:not(.elementor-drop-cap-view-default) .elementor-drop-cap-letter{width:1em;height:1em}.elementor-widget-text-editor .elementor-drop-cap{float:left;text-align:center;line-height:1;font-size:50px}.elementor-widget-text-editor .elementor-drop-cap-letter{display:inline-block}<\/style>\t\t\t\t<p>Rivensco Consulting Ltd. K\u0131br\u0131s'\u0131n Baf kentinde, s\u00fcrd\u00fcr\u00fclebilir ve kapsay\u0131c\u0131 eylemleri te\u015fvik etmek i\u00e7in okul \u00f6\u011fretmenlerinin yetkinliklerini art\u0131rmaya odaklanan bir \u00e7o\u011falt\u0131c\u0131 etkinli\u011fe ev sahipli\u011fi yapt\u0131. Bu etkinlik, OPEI, DIONE ve PCCI dahil olmak \u00fczere Turizm Okullar\u0131nda \u00e7al\u0131\u015fan 35 kat\u0131l\u0131mc\u0131 i\u00e7in \u00f6zel olarak haz\u0131rlanm\u0131\u015ft\u0131r.<\/p><p>Bu \u00f6nemli etkinli\u011fin temel hedefleri \u015funlard\u0131r:<\/p><ol><li>\u00dc\u00e7 proje \u00e7\u0131kt\u0131s\u0131n\u0131n okul e\u011fitimi sekt\u00f6r\u00fcne entegrasyonunun te\u015fvik edilmesi.<\/li><li>Mesleki E\u011fitim ve \u00d6\u011fretim (VET) dahil olmak \u00fczere \u00e7e\u015fitli sekt\u00f6rler aras\u0131nda ba\u015far\u0131l\u0131 uygulamalar\u0131n aktar\u0131labilirli\u011finin kolayla\u015ft\u0131r\u0131lmas\u0131.<\/li><li>Projenin s\u00fcrd\u00fcr\u00fclebilirli\u011finin geli\u015ftirilmesi.<\/li><li>Turizm sekt\u00f6r\u00fcnde s\u00fcrd\u00fcr\u00fclebilir ve kapsay\u0131c\u0131 uygulamalar\u0131 destekleyen e\u011fitim metodolojileri hakk\u0131nda fark\u0131ndal\u0131\u011f\u0131n art\u0131r\u0131lmas\u0131.<\/li><li>Avrupa d\u00fczeyinde i\u00e7g\u00f6r\u00fclere katk\u0131da bulunmak amac\u0131yla K\u0131br\u0131s'ta s\u00fcrd\u00fcr\u00fclebilirlik ve kapsay\u0131c\u0131l\u0131kla ilgili okul programlar\u0131, politikalar\u0131 ve uygulamalar\u0131n\u0131n derinlemesine bir analizinin yap\u0131lmas\u0131.<\/li><li>Okul \u00f6\u011fretmenlerinin s\u00fcrd\u00fcr\u00fclebilir ve kapsay\u0131c\u0131 eylemleri desteklemek i\u00e7in gerekli yetkinliklerle g\u00fc\u00e7lendirilmesi.<\/li><\/ol><p>K\u0131br\u0131s'\u0131n pitoresk kenti Baf'ta ger\u00e7ekle\u015ftirilen etkinlik, daha s\u00fcrd\u00fcr\u00fclebilir ve kapsay\u0131c\u0131 bir gelecek i\u00e7in e\u011fitim uygulamalar\u0131n\u0131n ilerletilmesinde \u00f6nemli bir kilometre ta\u015f\u0131na i\u015faret ediyor.<\/p>\t\t\t\t\t\t<\/div>\n\t\t\t\t<\/div>\n\t\t\t\t\t<\/div>\n\t\t<\/div>\n\t\t\t\t\t\t\t<\/div>\n\t\t<\/section>\n\t\t\t\t<section class=\"elementor-section elementor-top-section elementor-element elementor-element-58860ec elementor-section-boxed elementor-section-height-default elementor-section-height-default\" data-id=\"58860ec\" data-element_type=\"section\">\n\t\t\t\t\t\t<div class=\"elementor-container elementor-column-gap-default\">\n\t\t\t\t\t<div class=\"elementor-column elementor-col-100 elementor-top-column elementor-element elementor-element-e28ce4f\" data-id=\"e28ce4f\" data-element_type=\"column\">\n\t\t\t<div class=\"elementor-widget-wrap elementor-element-populated\">\n\t\t\t\t\t\t\t\t<div class=\"elementor-element elementor-element-023b63f elementor-align-center elementor-widget elementor-widget-button\" data-id=\"023b63f\" data-element_type=\"widget\" data-widget_type=\"button.default\">\n\t\t\t\t<div class=\"elementor-widget-container\">\n\t\t\t\t\t<div class=\"elementor-button-wrapper\">\n\t\t\t<a class=\"elementor-button elementor-button-link elementor-size-sm\" href=\"#\">\n\t\t\t\t\t\t<span class=\"elementor-button-content-wrapper\">\n\t\t\t\t\t\t<span class=\"elementor-button-text\">Etkinli\u011fin videosunu indirin!<\/span>\n\t\t<\/span>\n\t\t\t\t\t<\/a>\n\t\t<\/div>\n\t\t\t\t<\/div>\n\t\t\t\t<\/div>\n\t\t\t\t\t<\/div>\n\t\t<\/div>\n\t\t\t\t\t\t\t<\/div>\n\t\t<\/section>\n\t\t\t\t\t\t\t<\/div>","protected":false},"excerpt":{"rendered":"<p>Rivensco Consulting Ltd. is hosted a multiplier event in Paphos, Cyprus, focusing on enhancing the competencies of school teachers to foster sustainable and inclusive actions. This event was specifically tailored for 35 participants employed in Tourism Schools, including OPEI, DIONE, and PCCI. [&hellip;]<\/p>","protected":false},"author":1,"featured_media":0,"parent":0,"menu_order":0,"comment_status":"closed","ping_status":"closed","template":"","meta":{"footnotes":""},"_links":{"self":[{"href":"https:\/\/istoproject.eu\/tr\/wp-json\/wp\/v2\/pages\/471"}],"collection":[{"href":"https:\/\/istoproject.eu\/tr\/wp-json\/wp\/v2\/pages"}],"about":[{"href":"https:\/\/istoproject.eu\/tr\/wp-json\/wp\/v2\/types\/page"}],"author":[{"embeddable":true,"href":"https:\/\/istoproject.eu\/tr\/wp-json\/wp\/v2\/users\/1"}],"replies":[{"embeddable":true,"href":"https:\/\/istoproject.eu\/tr\/wp-json\/wp\/v2\/comments?post=471"}],"version-history":[{"count":10,"href":"https:\/\/istoproject.eu\/tr\/wp-json\/wp\/v2\/pages\/471\/revisions"}],"predecessor-version":[{"id":490,"href":"https:\/\/istoproject.eu\/tr\/wp-json\/wp\/v2\/pages\/471\/revisions\/490"}],"wp:attachment":[{"href":"https:\/\/istoproject.eu\/tr\/wp-json\/wp\/v2\/media?parent=471"}],"curies":[{"name":"wp","href":"https:\/\/api.w.org\/{rel}","templated":true}]}}