{"id":519,"date":"2023-11-15T13:14:29","date_gmt":"2023-11-15T13:14:29","guid":{"rendered":"https:\/\/istoproject.eu\/?page_id=519"},"modified":"2023-11-15T13:28:08","modified_gmt":"2023-11-15T13:28:08","slug":"acelera-labs-multiplier-event","status":"publish","type":"page","link":"https:\/\/istoproject.eu\/tr\/acelera-labs-multiplier-event\/","title":{"rendered":"Acelera Labs &#8211; Multiplier Event"},"content":{"rendered":"<div data-elementor-type=\"wp-page\" data-elementor-id=\"519\" class=\"elementor elementor-519\">\n\t\t\t\t\t\t\t\t\t<section class=\"elementor-section elementor-top-section elementor-element elementor-element-4a6e055 elementor-section-boxed elementor-section-height-default elementor-section-height-default\" data-id=\"4a6e055\" data-element_type=\"section\">\n\t\t\t\t\t\t<div class=\"elementor-container elementor-column-gap-default\">\n\t\t\t\t\t<div class=\"elementor-column elementor-col-100 elementor-top-column elementor-element elementor-element-18a174a\" data-id=\"18a174a\" data-element_type=\"column\">\n\t\t\t<div class=\"elementor-widget-wrap elementor-element-populated\">\n\t\t\t\t\t\t\t\t<div class=\"elementor-element elementor-element-39fd52b elementor-widget elementor-widget-text-editor\" data-id=\"39fd52b\" data-element_type=\"widget\" data-widget_type=\"text-editor.default\">\n\t\t\t\t<div class=\"elementor-widget-container\">\n\t\t\t<style>\/*! elementor - v3.15.0 - 20-08-2023 *\/\n.elementor-widget-text-editor.elementor-drop-cap-view-stacked .elementor-drop-cap{background-color:#69727d;color:#fff}.elementor-widget-text-editor.elementor-drop-cap-view-framed .elementor-drop-cap{color:#69727d;border:3px solid;background-color:transparent}.elementor-widget-text-editor:not(.elementor-drop-cap-view-default) .elementor-drop-cap{margin-top:8px}.elementor-widget-text-editor:not(.elementor-drop-cap-view-default) .elementor-drop-cap-letter{width:1em;height:1em}.elementor-widget-text-editor .elementor-drop-cap{float:left;text-align:center;line-height:1;font-size:50px}.elementor-widget-text-editor .elementor-drop-cap-letter{display:inline-block}<\/style>\t\t\t\t<p>Acelera Labs, ekolojik turizm, s\u00fcrd\u00fcr\u00fclebilir hedefler ve okul e\u011fitim ortamlar\u0131na dahil olma konular\u0131nda g\u00f6rsel ileti\u015fim alan\u0131nda devrim yaratmay\u0131 vaat eden heyecan verici bir g\u00fcnl\u00fck etkinlik d\u00fczenledi. Bu etkinlik Madrid \u015fehrinde ger\u00e7ekle\u015fti.<\/p><p><strong>Etkinli\u011fin Hedefleri:<\/strong><\/p><ol><li><strong>Okullarda Evlat Edinmeyi Te\u015fvik Edin:<\/strong> Okul e\u011fitimi sekt\u00f6r\u00fcndeki \u00fc\u00e7 proje \u00e7\u0131kt\u0131s\u0131n\u0131 duyurun.<\/li><li><strong>\u0130yi Uygulamalar\u0131 Payla\u015f\u0131n:<\/strong> \u0130yi fikirlerin sadece okullarda de\u011fil, Mesleki E\u011fitim ve \u00d6\u011fretim (VET) de dahil olmak \u00fczere di\u011fer alanlarda da i\u015fe yarad\u0131\u011f\u0131ndan emin olun.<\/li><li><strong>Projenin S\u00fcrd\u00fcr\u00fclebilirli\u011fini Sa\u011flay\u0131n:<\/strong> Projeyi uzun vadede g\u00fc\u00e7l\u00fc ve etkili tutun.<\/li><li><strong>Fark\u0131ndal\u0131\u011f\u0131 Art\u0131r\u0131n:<\/strong> Dinamik turizm alan\u0131nda s\u00fcrd\u00fcr\u00fclebilir ve kapsay\u0131c\u0131 uygulamalar\u0131 te\u015fvik eden e\u011fitim y\u00f6ntemlerine \u0131\u015f\u0131k tutmak.<\/li><li><strong>\u0130spanya'daki Okul Programlar\u0131n\u0131 Analiz Edin:<\/strong> Avrupa d\u00fczeyinde i\u00e7g\u00f6r\u00fclere katk\u0131da bulunmak amac\u0131yla \u0130spanya'da s\u00fcrd\u00fcr\u00fclebilirlik ve kapsay\u0131c\u0131l\u0131kla ilgili okul programlar\u0131, politikalar\u0131 ve uygulamalar\u0131na derinlemesine dal\u0131n.<\/li><li><strong>Etik Hedefler i\u00e7in G\u00f6rsel \u0130leti\u015fimi Te\u015fvik Edin:<\/strong> Etik hedeflere ula\u015fmak i\u00e7in g\u00f6rsel ileti\u015fimin do\u011fru kullan\u0131m\u0131n\u0131 te\u015fvik etmek.<\/li><\/ol><p><strong>G\u00f6rsel Kimlik:<\/strong><\/p><p>Projenin g\u00f6rsel kimli\u011fi, projenin \u00f6z\u00fcn\u00fcn grafik bir temsili olan logosuyla ba\u015flar. Logo, projenin i\u00e7eri\u011fi ve misyonuyla uyumlu semboller ve renkler i\u00e7eriyor:<\/p><ul><li><strong>Yapraklar:<\/strong> Do\u011fa ve s\u00fcrd\u00fcr\u00fclebilirlik kavramlar\u0131n\u0131 temsil eder.<\/li><li><strong>Bavul:<\/strong> Turizmin simgele\u015ftirilmesi.<\/li><li><strong>Ye\u015fil Renk Paleti:<\/strong> Ye\u015fil ge\u00e7i\u015fe ve ye\u015filin \u00e7e\u015fitli tonlar\u0131na bir selam.<\/li><li><strong>Mavi Sade Yaz\u0131 Tipi:<\/strong> Netlik ve kolay okunabilirli\u011fin sa\u011flanmas\u0131.<\/li><\/ul><p>Logonun renk paletini yans\u0131tan ve oyunla\u015ft\u0131rma yoluyla projenin ruhunu yans\u0131tan bir d\u00fczenle, kolay ve kapsay\u0131c\u0131 navigasyona \u00f6ncelik veren web sitesi tasar\u0131m\u0131 da buna uygun.<\/p><p><strong>Oyun Tasar\u0131m\u0131:<\/strong><\/p><p>Oyun tasar\u0131m\u0131 i\u00e7in, daha az geli\u015fmi\u015f cihazlarda bile kullan\u0131c\u0131 dostu olmaya devam eden hafif, kullan\u0131labilir bir uygulama yaratmaya odaklan\u0131ld\u0131. Otelin \u00f6nden 2D g\u00f6r\u00fcn\u00fcm\u00fcne sahip minimalist ve renkli bir tasar\u0131m, kullan\u0131c\u0131lar\u0131n \u00e7e\u015fitli unsurlar\u0131 kolayca tan\u0131mlamas\u0131na ve bunlarla etkile\u015fime girmesine olanak tan\u0131yor. Tan\u0131nabilir simgeler net kavramlar\u0131 ifade ediyor:<\/p><ul><li><strong>Madeni para:<\/strong> Paray\u0131 temsil eder.<\/li><li><strong>Ba\u015fparmaklar yukar\u0131:<\/strong> M\u00fc\u015fteri memnuniyetini g\u00f6sterir.<\/li><li><strong>Fabrika Duman Yay\u0131yor:<\/strong> \u00c7evresel etkiyi ifade eder.<\/li><li><strong>Euro Semboll\u00fc Yatak:<\/strong> Oda fiyatlar\u0131n\u0131 temsil eder.<\/li><\/ul><p>G\u00f6rsel ileti\u015fime y\u00f6nelik bu yenilik\u00e7i yakla\u015f\u0131m, ekolojik turizm, s\u00fcrd\u00fcr\u00fclebilir hedefler ve okul e\u011fitimi ortamlar\u0131nda kapsay\u0131c\u0131l\u0131k konular\u0131yla ilgilenme bi\u00e7imimizi d\u00f6n\u00fc\u015ft\u00fcrmeye haz\u0131rlan\u0131yor.\u00a0<\/p>\t\t\t\t\t\t<\/div>\n\t\t\t\t<\/div>\n\t\t\t\t\t<\/div>\n\t\t<\/div>\n\t\t\t\t\t\t\t<\/div>\n\t\t<\/section>\n\t\t\t\t\t\t\t<\/div>","protected":false},"excerpt":{"rendered":"<p>Acelera Labs organized an exciting one-day event that promises to revolutionize visual communication in the realm of ecological tourism, sustainable goals, and inclusion within school education settings. This event took place in the city of Madrid. Goals of the Event: Promote Adoption [&hellip;]<\/p>","protected":false},"author":1,"featured_media":0,"parent":0,"menu_order":0,"comment_status":"closed","ping_status":"closed","template":"","meta":{"footnotes":""},"_links":{"self":[{"href":"https:\/\/istoproject.eu\/tr\/wp-json\/wp\/v2\/pages\/519"}],"collection":[{"href":"https:\/\/istoproject.eu\/tr\/wp-json\/wp\/v2\/pages"}],"about":[{"href":"https:\/\/istoproject.eu\/tr\/wp-json\/wp\/v2\/types\/page"}],"author":[{"embeddable":true,"href":"https:\/\/istoproject.eu\/tr\/wp-json\/wp\/v2\/users\/1"}],"replies":[{"embeddable":true,"href":"https:\/\/istoproject.eu\/tr\/wp-json\/wp\/v2\/comments?post=519"}],"version-history":[{"count":4,"href":"https:\/\/istoproject.eu\/tr\/wp-json\/wp\/v2\/pages\/519\/revisions"}],"predecessor-version":[{"id":531,"href":"https:\/\/istoproject.eu\/tr\/wp-json\/wp\/v2\/pages\/519\/revisions\/531"}],"wp:attachment":[{"href":"https:\/\/istoproject.eu\/tr\/wp-json\/wp\/v2\/media?parent=519"}],"curies":[{"name":"wp","href":"https:\/\/api.w.org\/{rel}","templated":true}]}}